{"id":9505,"date":"2026-02-18T16:22:08","date_gmt":"2026-02-18T15:22:08","guid":{"rendered":"https:\/\/www.petcovergroup.com\/de\/?page_id=9505"},"modified":"2026-02-19T12:39:50","modified_gmt":"2026-02-19T11:39:50","slug":"haustierversicherung-fuer-siberian-huskies","status":"publish","type":"page","link":"https:\/\/www.petcovergroup.com\/de\/hundeversicherung\/haustierversicherung-fuer-siberian-huskies\/","title":{"rendered":"Haustierversicherung f\u00fcr Siberian Huskies"},"content":{"rendered":"","protected":false},"excerpt":{"rendered":"","protected":false},"author":54,"featured_media":9508,"parent":582,"menu_order":0,"comment_status":"closed","ping_status":"closed","template":"","meta":{"_acf_changed":false,"inline_featured_image":false,"footnotes":""},"categories":[24],"class_list":["post-9505","page","type-page","status-publish","has-post-thumbnail","hentry","category-hund"],"acf":[],"yoast_head":"<!-- This site is optimized with the Yoast SEO plugin v27.0 - https:\/\/yoast.com\/product\/yoast-seo-wordpress\/ -->\n<title>Haustierversicherung f\u00fcr Siberian Husky | Petcover Deutschland<\/title>\n<meta name=\"description\" content=\"Sch\u00fctzen Sie Ihren Hund mit einer hochwertigen Haustierversicherung. Holen Sie sich ein Angebot f\u00fcr Unf\u00e4lle, Krankheiten und Erbkrankheiten.\" \/>\n<meta name=\"robots\" content=\"index, follow, max-snippet:-1, max-image-preview:large, max-video-preview:-1\" \/>\n<link rel=\"canonical\" href=\"https:\/\/www.petcovergroup.com\/de\/hundeversicherung\/haustierversicherung-fuer-siberian-huskies\/\" \/>\n<meta property=\"og:locale\" content=\"en_GB\" \/>\n<meta property=\"og:type\" content=\"article\" \/>\n<meta property=\"og:title\" content=\"Haustierversicherung f\u00fcr Siberian Husky | Petcover Deutschland\" \/>\n<meta property=\"og:description\" content=\"Sch\u00fctzen Sie Ihren Hund mit einer hochwertigen Haustierversicherung. Holen Sie sich ein Angebot f\u00fcr Unf\u00e4lle, Krankheiten und Erbkrankheiten.\" \/>\n<meta property=\"og:url\" content=\"https:\/\/www.petcovergroup.com\/de\/hundeversicherung\/haustierversicherung-fuer-siberian-huskies\/\" \/>\n<meta property=\"og:site_name\" content=\"Petcover DE\" \/>\n<meta property=\"article:modified_time\" content=\"2026-02-19T11:39:50+00:00\" \/>\n<meta name=\"twitter:card\" content=\"summary_large_image\" \/>\n<meta name=\"twitter:image\" content=\"https:\/\/www.petcovergroup.com\/de\/wp-content\/uploads\/sites\/22\/2026\/02\/ALL-Breed-Specific-Animal-Husky-Web-Images-720-x-480-v16022026_01.png\" \/>\n<meta name=\"twitter:label1\" content=\"Estimated reading time\" \/>\n\t<meta name=\"twitter:data1\" content=\"1 minute\" \/>\n<script type=\"application\/ld+json\" class=\"yoast-schema-graph\">{\"@context\":\"https:\/\/schema.org\",\"@graph\":[{\"@type\":\"WebPage\",\"@id\":\"https:\/\/www.petcovergroup.com\/de\/hundeversicherung\/haustierversicherung-fuer-siberian-huskies\/\",\"url\":\"https:\/\/www.petcovergroup.com\/de\/hundeversicherung\/haustierversicherung-fuer-siberian-huskies\/\",\"name\":\"Haustierversicherung f\u00fcr Siberian Husky | Petcover Deutschland\",\"isPartOf\":{\"@id\":\"https:\/\/www.petcovergroup.com\/de\/#website\"},\"primaryImageOfPage\":{\"@id\":\"https:\/\/www.petcovergroup.com\/de\/hundeversicherung\/haustierversicherung-fuer-siberian-huskies\/#primaryimage\"},\"image\":{\"@id\":\"https:\/\/www.petcovergroup.com\/de\/hundeversicherung\/haustierversicherung-fuer-siberian-huskies\/#primaryimage\"},\"thumbnailUrl\":\"https:\/\/www.petcovergroup.com\/de\/wp-content\/uploads\/sites\/22\/2026\/02\/ALL-Breed-Specific-Animal-Husky-Web-Images-720-x-480-v16022026_01.png\",\"datePublished\":\"2026-02-18T15:22:08+00:00\",\"dateModified\":\"2026-02-19T11:39:50+00:00\",\"description\":\"Sch\u00fctzen Sie Ihren Hund mit einer hochwertigen Haustierversicherung. Holen Sie sich ein Angebot f\u00fcr Unf\u00e4lle, Krankheiten und Erbkrankheiten.\",\"breadcrumb\":{\"@id\":\"https:\/\/www.petcovergroup.com\/de\/hundeversicherung\/haustierversicherung-fuer-siberian-huskies\/#breadcrumb\"},\"inLanguage\":\"en-GB\",\"potentialAction\":[{\"@type\":\"ReadAction\",\"target\":[\"https:\/\/www.petcovergroup.com\/de\/hundeversicherung\/haustierversicherung-fuer-siberian-huskies\/\"]}]},{\"@type\":\"ImageObject\",\"inLanguage\":\"en-GB\",\"@id\":\"https:\/\/www.petcovergroup.com\/de\/hundeversicherung\/haustierversicherung-fuer-siberian-huskies\/#primaryimage\",\"url\":\"https:\/\/www.petcovergroup.com\/de\/wp-content\/uploads\/sites\/22\/2026\/02\/ALL-Breed-Specific-Animal-Husky-Web-Images-720-x-480-v16022026_01.png\",\"contentUrl\":\"https:\/\/www.petcovergroup.com\/de\/wp-content\/uploads\/sites\/22\/2026\/02\/ALL-Breed-Specific-Animal-Husky-Web-Images-720-x-480-v16022026_01.png\",\"width\":720,\"height\":480,\"caption\":\"Siberian husky sitting with snow as background\"},{\"@type\":\"BreadcrumbList\",\"@id\":\"https:\/\/www.petcovergroup.com\/de\/hundeversicherung\/haustierversicherung-fuer-siberian-huskies\/#breadcrumb\",\"itemListElement\":[{\"@type\":\"ListItem\",\"position\":1,\"name\":\"Home\",\"item\":\"https:\/\/www.petcovergroup.com\/de\/\"},{\"@type\":\"ListItem\",\"position\":2,\"name\":\"Hundeversicherung\",\"item\":\"https:\/\/www.petcovergroup.com\/de\/hundeversicherung\/\"},{\"@type\":\"ListItem\",\"position\":3,\"name\":\"Haustierversicherung f\u00fcr Siberian Huskies\"}]},{\"@type\":\"WebSite\",\"@id\":\"https:\/\/www.petcovergroup.com\/de\/#website\",\"url\":\"https:\/\/www.petcovergroup.com\/de\/\",\"name\":\"Petcover DE\",\"description\":\"\",\"potentialAction\":[{\"@type\":\"SearchAction\",\"target\":{\"@type\":\"EntryPoint\",\"urlTemplate\":\"https:\/\/www.petcovergroup.com\/de\/?s={search_term_string}\"},\"query-input\":{\"@type\":\"PropertyValueSpecification\",\"valueRequired\":true,\"valueName\":\"search_term_string\"}}],\"inLanguage\":\"en-GB\"}]}<\/script>\n<!-- \/ Yoast SEO plugin. -->","yoast_head_json":{"title":"Haustierversicherung f\u00fcr Siberian Husky | Petcover Deutschland","description":"Sch\u00fctzen Sie Ihren Hund mit einer hochwertigen Haustierversicherung. Holen Sie sich ein Angebot f\u00fcr Unf\u00e4lle, Krankheiten und Erbkrankheiten.","robots":{"index":"index","follow":"follow","max-snippet":"max-snippet:-1","max-image-preview":"max-image-preview:large","max-video-preview":"max-video-preview:-1"},"canonical":"https:\/\/www.petcovergroup.com\/de\/hundeversicherung\/haustierversicherung-fuer-siberian-huskies\/","og_locale":"en_GB","og_type":"article","og_title":"Haustierversicherung f\u00fcr Siberian Husky | Petcover Deutschland","og_description":"Sch\u00fctzen Sie Ihren Hund mit einer hochwertigen Haustierversicherung. Holen Sie sich ein Angebot f\u00fcr Unf\u00e4lle, Krankheiten und Erbkrankheiten.","og_url":"https:\/\/www.petcovergroup.com\/de\/hundeversicherung\/haustierversicherung-fuer-siberian-huskies\/","og_site_name":"Petcover DE","article_modified_time":"2026-02-19T11:39:50+00:00","twitter_card":"summary_large_image","twitter_image":"https:\/\/www.petcovergroup.com\/de\/wp-content\/uploads\/sites\/22\/2026\/02\/ALL-Breed-Specific-Animal-Husky-Web-Images-720-x-480-v16022026_01.png","twitter_misc":{"Estimated reading time":"1 minute"},"schema":{"@context":"https:\/\/schema.org","@graph":[{"@type":"WebPage","@id":"https:\/\/www.petcovergroup.com\/de\/hundeversicherung\/haustierversicherung-fuer-siberian-huskies\/","url":"https:\/\/www.petcovergroup.com\/de\/hundeversicherung\/haustierversicherung-fuer-siberian-huskies\/","name":"Haustierversicherung f\u00fcr Siberian Husky | Petcover Deutschland","isPartOf":{"@id":"https:\/\/www.petcovergroup.com\/de\/#website"},"primaryImageOfPage":{"@id":"https:\/\/www.petcovergroup.com\/de\/hundeversicherung\/haustierversicherung-fuer-siberian-huskies\/#primaryimage"},"image":{"@id":"https:\/\/www.petcovergroup.com\/de\/hundeversicherung\/haustierversicherung-fuer-siberian-huskies\/#primaryimage"},"thumbnailUrl":"https:\/\/www.petcovergroup.com\/de\/wp-content\/uploads\/sites\/22\/2026\/02\/ALL-Breed-Specific-Animal-Husky-Web-Images-720-x-480-v16022026_01.png","datePublished":"2026-02-18T15:22:08+00:00","dateModified":"2026-02-19T11:39:50+00:00","description":"Sch\u00fctzen Sie Ihren Hund mit einer hochwertigen Haustierversicherung. Holen Sie sich ein Angebot f\u00fcr Unf\u00e4lle, Krankheiten und Erbkrankheiten.","breadcrumb":{"@id":"https:\/\/www.petcovergroup.com\/de\/hundeversicherung\/haustierversicherung-fuer-siberian-huskies\/#breadcrumb"},"inLanguage":"en-GB","potentialAction":[{"@type":"ReadAction","target":["https:\/\/www.petcovergroup.com\/de\/hundeversicherung\/haustierversicherung-fuer-siberian-huskies\/"]}]},{"@type":"ImageObject","inLanguage":"en-GB","@id":"https:\/\/www.petcovergroup.com\/de\/hundeversicherung\/haustierversicherung-fuer-siberian-huskies\/#primaryimage","url":"https:\/\/www.petcovergroup.com\/de\/wp-content\/uploads\/sites\/22\/2026\/02\/ALL-Breed-Specific-Animal-Husky-Web-Images-720-x-480-v16022026_01.png","contentUrl":"https:\/\/www.petcovergroup.com\/de\/wp-content\/uploads\/sites\/22\/2026\/02\/ALL-Breed-Specific-Animal-Husky-Web-Images-720-x-480-v16022026_01.png","width":720,"height":480,"caption":"Siberian husky sitting with snow as background"},{"@type":"BreadcrumbList","@id":"https:\/\/www.petcovergroup.com\/de\/hundeversicherung\/haustierversicherung-fuer-siberian-huskies\/#breadcrumb","itemListElement":[{"@type":"ListItem","position":1,"name":"Home","item":"https:\/\/www.petcovergroup.com\/de\/"},{"@type":"ListItem","position":2,"name":"Hundeversicherung","item":"https:\/\/www.petcovergroup.com\/de\/hundeversicherung\/"},{"@type":"ListItem","position":3,"name":"Haustierversicherung f\u00fcr Siberian Huskies"}]},{"@type":"WebSite","@id":"https:\/\/www.petcovergroup.com\/de\/#website","url":"https:\/\/www.petcovergroup.com\/de\/","name":"Petcover DE","description":"","potentialAction":[{"@type":"SearchAction","target":{"@type":"EntryPoint","urlTemplate":"https:\/\/www.petcovergroup.com\/de\/?s={search_term_string}"},"query-input":{"@type":"PropertyValueSpecification","valueRequired":true,"valueName":"search_term_string"}}],"inLanguage":"en-GB"}]}},"lang":"de","translations":{"de":9505},"pll_sync_post":[],"_links":{"self":[{"href":"https:\/\/www.petcovergroup.com\/de\/wp-json\/wp\/v2\/pages\/9505","targetHints":{"allow":["GET"]}}],"collection":[{"href":"https:\/\/www.petcovergroup.com\/de\/wp-json\/wp\/v2\/pages"}],"about":[{"href":"https:\/\/www.petcovergroup.com\/de\/wp-json\/wp\/v2\/types\/page"}],"author":[{"embeddable":true,"href":"https:\/\/www.petcovergroup.com\/de\/wp-json\/wp\/v2\/users\/54"}],"replies":[{"embeddable":true,"href":"https:\/\/www.petcovergroup.com\/de\/wp-json\/wp\/v2\/comments?post=9505"}],"version-history":[{"count":0,"href":"https:\/\/www.petcovergroup.com\/de\/wp-json\/wp\/v2\/pages\/9505\/revisions"}],"up":[{"embeddable":true,"href":"https:\/\/www.petcovergroup.com\/de\/wp-json\/wp\/v2\/pages\/582"}],"wp:featuredmedia":[{"embeddable":true,"href":"https:\/\/www.petcovergroup.com\/de\/wp-json\/wp\/v2\/media\/9508"}],"wp:attachment":[{"href":"https:\/\/www.petcovergroup.com\/de\/wp-json\/wp\/v2\/media?parent=9505"}],"wp:term":[{"taxonomy":"category","embeddable":true,"href":"https:\/\/www.petcovergroup.com\/de\/wp-json\/wp\/v2\/categories?post=9505"}],"curies":[{"name":"wp","href":"https:\/\/api.w.org\/{rel}","templated":true}]}}