{"id":7900,"date":"2025-06-16T16:03:37","date_gmt":"2025-06-16T14:03:37","guid":{"rendered":"https:\/\/www.petcovergroup.com\/de\/?page_id=7900"},"modified":"2025-08-29T15:24:15","modified_gmt":"2025-08-29T13:24:15","slug":"richtlinie-fuer-gefaehrdete-kunden","status":"publish","type":"page","link":"https:\/\/www.petcovergroup.com\/de\/richtlinie-fuer-gefaehrdete-kunden\/","title":{"rendered":"Vulnerable Customers DE"},"content":{"rendered":"","protected":false},"excerpt":{"rendered":"","protected":false},"author":54,"featured_media":0,"parent":0,"menu_order":0,"comment_status":"closed","ping_status":"closed","template":"","meta":{"_acf_changed":false,"inline_featured_image":false,"footnotes":""},"categories":[],"class_list":["post-7900","page","type-page","status-publish","hentry"],"acf":[],"yoast_head":"<!-- This site is optimized with the Yoast SEO plugin v27.0 - https:\/\/yoast.com\/product\/yoast-seo-wordpress\/ -->\n<title>Unterst\u00fctzung f\u00fcr schutzbed\u00fcrftige Kundinnen und Kunden<\/title>\n<meta name=\"description\" content=\"Wir bieten Kunden in schwierigen Situationen einf\u00fchlsame Unterst\u00fctzung. Unser geschultes Team ist jederzeit bereit zu helfen.\" \/>\n<meta name=\"robots\" content=\"index, follow, max-snippet:-1, max-image-preview:large, max-video-preview:-1\" \/>\n<link rel=\"canonical\" href=\"https:\/\/www.petcovergroup.com\/de\/richtlinie-fuer-gefaehrdete-kunden\/\" \/>\n<meta property=\"og:locale\" content=\"en_GB\" \/>\n<meta property=\"og:type\" content=\"article\" \/>\n<meta property=\"og:title\" content=\"Unterst\u00fctzung f\u00fcr schutzbed\u00fcrftige Kundinnen und Kunden\" \/>\n<meta property=\"og:description\" content=\"Wir bieten Kunden in schwierigen Situationen einf\u00fchlsame Unterst\u00fctzung. Unser geschultes Team ist jederzeit bereit zu helfen.\" \/>\n<meta property=\"og:url\" content=\"https:\/\/www.petcovergroup.com\/de\/richtlinie-fuer-gefaehrdete-kunden\/\" \/>\n<meta property=\"og:site_name\" content=\"Petcover DE\" \/>\n<meta property=\"article:modified_time\" content=\"2025-08-29T13:24:15+00:00\" \/>\n<meta name=\"twitter:card\" content=\"summary_large_image\" \/>\n<script type=\"application\/ld+json\" class=\"yoast-schema-graph\">{\"@context\":\"https:\/\/schema.org\",\"@graph\":[{\"@type\":\"WebPage\",\"@id\":\"https:\/\/www.petcovergroup.com\/de\/richtlinie-fuer-gefaehrdete-kunden\/\",\"url\":\"https:\/\/www.petcovergroup.com\/de\/richtlinie-fuer-gefaehrdete-kunden\/\",\"name\":\"Unterst\u00fctzung f\u00fcr schutzbed\u00fcrftige Kundinnen und Kunden\",\"isPartOf\":{\"@id\":\"https:\/\/www.petcovergroup.com\/de\/#website\"},\"datePublished\":\"2025-06-16T14:03:37+00:00\",\"dateModified\":\"2025-08-29T13:24:15+00:00\",\"description\":\"Wir bieten Kunden in schwierigen Situationen einf\u00fchlsame Unterst\u00fctzung. Unser geschultes Team ist jederzeit bereit zu helfen.\",\"breadcrumb\":{\"@id\":\"https:\/\/www.petcovergroup.com\/de\/richtlinie-fuer-gefaehrdete-kunden\/#breadcrumb\"},\"inLanguage\":\"en-GB\",\"potentialAction\":[{\"@type\":\"ReadAction\",\"target\":[\"https:\/\/www.petcovergroup.com\/de\/richtlinie-fuer-gefaehrdete-kunden\/\"]}]},{\"@type\":\"BreadcrumbList\",\"@id\":\"https:\/\/www.petcovergroup.com\/de\/richtlinie-fuer-gefaehrdete-kunden\/#breadcrumb\",\"itemListElement\":[{\"@type\":\"ListItem\",\"position\":1,\"name\":\"Home\",\"item\":\"https:\/\/www.petcovergroup.com\/de\/\"},{\"@type\":\"ListItem\",\"position\":2,\"name\":\"Vulnerable Customers DE\"}]},{\"@type\":\"WebSite\",\"@id\":\"https:\/\/www.petcovergroup.com\/de\/#website\",\"url\":\"https:\/\/www.petcovergroup.com\/de\/\",\"name\":\"Petcover DE\",\"description\":\"\",\"potentialAction\":[{\"@type\":\"SearchAction\",\"target\":{\"@type\":\"EntryPoint\",\"urlTemplate\":\"https:\/\/www.petcovergroup.com\/de\/?s={search_term_string}\"},\"query-input\":{\"@type\":\"PropertyValueSpecification\",\"valueRequired\":true,\"valueName\":\"search_term_string\"}}],\"inLanguage\":\"en-GB\"}]}<\/script>\n<!-- \/ Yoast SEO plugin. -->","yoast_head_json":{"title":"Unterst\u00fctzung f\u00fcr schutzbed\u00fcrftige Kundinnen und Kunden","description":"Wir bieten Kunden in schwierigen Situationen einf\u00fchlsame Unterst\u00fctzung. Unser geschultes Team ist jederzeit bereit zu helfen.","robots":{"index":"index","follow":"follow","max-snippet":"max-snippet:-1","max-image-preview":"max-image-preview:large","max-video-preview":"max-video-preview:-1"},"canonical":"https:\/\/www.petcovergroup.com\/de\/richtlinie-fuer-gefaehrdete-kunden\/","og_locale":"en_GB","og_type":"article","og_title":"Unterst\u00fctzung f\u00fcr schutzbed\u00fcrftige Kundinnen und Kunden","og_description":"Wir bieten Kunden in schwierigen Situationen einf\u00fchlsame Unterst\u00fctzung. Unser geschultes Team ist jederzeit bereit zu helfen.","og_url":"https:\/\/www.petcovergroup.com\/de\/richtlinie-fuer-gefaehrdete-kunden\/","og_site_name":"Petcover DE","article_modified_time":"2025-08-29T13:24:15+00:00","twitter_card":"summary_large_image","schema":{"@context":"https:\/\/schema.org","@graph":[{"@type":"WebPage","@id":"https:\/\/www.petcovergroup.com\/de\/richtlinie-fuer-gefaehrdete-kunden\/","url":"https:\/\/www.petcovergroup.com\/de\/richtlinie-fuer-gefaehrdete-kunden\/","name":"Unterst\u00fctzung f\u00fcr schutzbed\u00fcrftige Kundinnen und Kunden","isPartOf":{"@id":"https:\/\/www.petcovergroup.com\/de\/#website"},"datePublished":"2025-06-16T14:03:37+00:00","dateModified":"2025-08-29T13:24:15+00:00","description":"Wir bieten Kunden in schwierigen Situationen einf\u00fchlsame Unterst\u00fctzung. Unser geschultes Team ist jederzeit bereit zu helfen.","breadcrumb":{"@id":"https:\/\/www.petcovergroup.com\/de\/richtlinie-fuer-gefaehrdete-kunden\/#breadcrumb"},"inLanguage":"en-GB","potentialAction":[{"@type":"ReadAction","target":["https:\/\/www.petcovergroup.com\/de\/richtlinie-fuer-gefaehrdete-kunden\/"]}]},{"@type":"BreadcrumbList","@id":"https:\/\/www.petcovergroup.com\/de\/richtlinie-fuer-gefaehrdete-kunden\/#breadcrumb","itemListElement":[{"@type":"ListItem","position":1,"name":"Home","item":"https:\/\/www.petcovergroup.com\/de\/"},{"@type":"ListItem","position":2,"name":"Vulnerable Customers DE"}]},{"@type":"WebSite","@id":"https:\/\/www.petcovergroup.com\/de\/#website","url":"https:\/\/www.petcovergroup.com\/de\/","name":"Petcover DE","description":"","potentialAction":[{"@type":"SearchAction","target":{"@type":"EntryPoint","urlTemplate":"https:\/\/www.petcovergroup.com\/de\/?s={search_term_string}"},"query-input":{"@type":"PropertyValueSpecification","valueRequired":true,"valueName":"search_term_string"}}],"inLanguage":"en-GB"}]}},"lang":"de","translations":{"de":7900,"en":7886},"pll_sync_post":[],"_links":{"self":[{"href":"https:\/\/www.petcovergroup.com\/de\/wp-json\/wp\/v2\/pages\/7900","targetHints":{"allow":["GET"]}}],"collection":[{"href":"https:\/\/www.petcovergroup.com\/de\/wp-json\/wp\/v2\/pages"}],"about":[{"href":"https:\/\/www.petcovergroup.com\/de\/wp-json\/wp\/v2\/types\/page"}],"author":[{"embeddable":true,"href":"https:\/\/www.petcovergroup.com\/de\/wp-json\/wp\/v2\/users\/54"}],"replies":[{"embeddable":true,"href":"https:\/\/www.petcovergroup.com\/de\/wp-json\/wp\/v2\/comments?post=7900"}],"version-history":[{"count":0,"href":"https:\/\/www.petcovergroup.com\/de\/wp-json\/wp\/v2\/pages\/7900\/revisions"}],"wp:attachment":[{"href":"https:\/\/www.petcovergroup.com\/de\/wp-json\/wp\/v2\/media?parent=7900"}],"wp:term":[{"taxonomy":"category","embeddable":true,"href":"https:\/\/www.petcovergroup.com\/de\/wp-json\/wp\/v2\/categories?post=7900"}],"curies":[{"name":"wp","href":"https:\/\/api.w.org\/{rel}","templated":true}]}}