{"id":6756,"date":"2023-06-27T16:09:47","date_gmt":"2023-06-27T14:09:47","guid":{"rendered":"https:\/\/www.petcovergroup.com\/de\/?page_id=6756"},"modified":"2026-02-02T17:02:09","modified_gmt":"2026-02-02T16:02:09","slug":"rueckruf-anfordern","status":"publish","type":"page","link":"https:\/\/www.petcovergroup.com\/de\/rueckruf-anfordern\/","title":{"rendered":"R\u00fcckruf anfordern"},"content":{"rendered":"","protected":false},"excerpt":{"rendered":"","protected":false},"author":17,"featured_media":5694,"parent":0,"menu_order":0,"comment_status":"closed","ping_status":"closed","template":"","meta":{"_acf_changed":false,"inline_featured_image":false,"footnotes":""},"categories":[],"class_list":["post-6756","page","type-page","status-publish","has-post-thumbnail","hentry"],"acf":[],"yoast_head":"<!-- This site is optimized with the Yoast SEO plugin v27.0 - https:\/\/yoast.com\/product\/yoast-seo-wordpress\/ -->\n<title>R\u00fcckruf anfordern | Petcover Deutschland<\/title>\n<meta name=\"description\" content=\"Haben Sie eine Frage, ben\u00f6tigen Sie Unterst\u00fctzung oder m\u00f6chten Sie Petcover eine R\u00fcckmeldung geben? Sagen Sie uns, wann es Ihnen am besten passt, und wir rufen Sie zur\u00fcck.\" \/>\n<meta name=\"robots\" content=\"index, follow, max-snippet:-1, max-image-preview:large, max-video-preview:-1\" \/>\n<link rel=\"canonical\" href=\"https:\/\/www.petcovergroup.com\/de\/rueckruf-anfordern\/\" \/>\n<meta property=\"og:locale\" content=\"en_GB\" \/>\n<meta property=\"og:type\" content=\"article\" \/>\n<meta property=\"og:title\" content=\"Contact Petcover Australia by Online Chat, Phone, Email or Mail\" \/>\n<meta property=\"og:description\" content=\"If you need to contact us here at Petcover, we have lots of ways to make it as easy for you as possible. We&#039;re here to help.\" \/>\n<meta property=\"og:url\" content=\"https:\/\/www.petcovergroup.com\/de\/rueckruf-anfordern\/\" \/>\n<meta property=\"og:site_name\" content=\"Petcover DE\" \/>\n<meta property=\"article:modified_time\" content=\"2026-02-02T16:02:09+00:00\" \/>\n<meta name=\"twitter:card\" content=\"summary_large_image\" \/>\n<meta name=\"twitter:image\" content=\"https:\/\/www.petcovergroup.com\/de\/wp-content\/uploads\/sites\/22\/2021\/10\/Rhodesian-Ridgeback-featured.jpg\" \/>\n<meta name=\"twitter:label1\" content=\"Estimated reading time\" \/>\n\t<meta name=\"twitter:data1\" content=\"1 minute\" \/>\n<script type=\"application\/ld+json\" class=\"yoast-schema-graph\">{\"@context\":\"https:\/\/schema.org\",\"@graph\":[{\"@type\":\"WebPage\",\"@id\":\"https:\/\/www.petcovergroup.com\/de\/rueckruf-anfordern\/\",\"url\":\"https:\/\/www.petcovergroup.com\/de\/rueckruf-anfordern\/\",\"name\":\"R\u00fcckruf anfordern | Petcover Deutschland\",\"isPartOf\":{\"@id\":\"https:\/\/www.petcovergroup.com\/de\/#website\"},\"primaryImageOfPage\":{\"@id\":\"https:\/\/www.petcovergroup.com\/de\/rueckruf-anfordern\/#primaryimage\"},\"image\":{\"@id\":\"https:\/\/www.petcovergroup.com\/de\/rueckruf-anfordern\/#primaryimage\"},\"thumbnailUrl\":\"https:\/\/www.petcovergroup.com\/de\/wp-content\/uploads\/sites\/22\/2021\/10\/Rhodesian-Ridgeback-featured.jpg\",\"datePublished\":\"2023-06-27T14:09:47+00:00\",\"dateModified\":\"2026-02-02T16:02:09+00:00\",\"description\":\"Haben Sie eine Frage, ben\u00f6tigen Sie Unterst\u00fctzung oder m\u00f6chten Sie Petcover eine R\u00fcckmeldung geben? Sagen Sie uns, wann es Ihnen am besten passt, und wir rufen Sie zur\u00fcck.\",\"breadcrumb\":{\"@id\":\"https:\/\/www.petcovergroup.com\/de\/rueckruf-anfordern\/#breadcrumb\"},\"inLanguage\":\"en-GB\",\"potentialAction\":[{\"@type\":\"ReadAction\",\"target\":[\"https:\/\/www.petcovergroup.com\/de\/rueckruf-anfordern\/\"]}]},{\"@type\":\"ImageObject\",\"inLanguage\":\"en-GB\",\"@id\":\"https:\/\/www.petcovergroup.com\/de\/rueckruf-anfordern\/#primaryimage\",\"url\":\"https:\/\/www.petcovergroup.com\/de\/wp-content\/uploads\/sites\/22\/2021\/10\/Rhodesian-Ridgeback-featured.jpg\",\"contentUrl\":\"https:\/\/www.petcovergroup.com\/de\/wp-content\/uploads\/sites\/22\/2021\/10\/Rhodesian-Ridgeback-featured.jpg\",\"width\":1200,\"height\":900},{\"@type\":\"BreadcrumbList\",\"@id\":\"https:\/\/www.petcovergroup.com\/de\/rueckruf-anfordern\/#breadcrumb\",\"itemListElement\":[{\"@type\":\"ListItem\",\"position\":1,\"name\":\"Home\",\"item\":\"https:\/\/www.petcovergroup.com\/de\/\"},{\"@type\":\"ListItem\",\"position\":2,\"name\":\"R\u00fcckruf anfordern\"}]},{\"@type\":\"WebSite\",\"@id\":\"https:\/\/www.petcovergroup.com\/de\/#website\",\"url\":\"https:\/\/www.petcovergroup.com\/de\/\",\"name\":\"Petcover DE\",\"description\":\"\",\"potentialAction\":[{\"@type\":\"SearchAction\",\"target\":{\"@type\":\"EntryPoint\",\"urlTemplate\":\"https:\/\/www.petcovergroup.com\/de\/?s={search_term_string}\"},\"query-input\":{\"@type\":\"PropertyValueSpecification\",\"valueRequired\":true,\"valueName\":\"search_term_string\"}}],\"inLanguage\":\"en-GB\"}]}<\/script>\n<!-- \/ Yoast SEO plugin. -->","yoast_head_json":{"title":"R\u00fcckruf anfordern | Petcover Deutschland","description":"Haben Sie eine Frage, ben\u00f6tigen Sie Unterst\u00fctzung oder m\u00f6chten Sie Petcover eine R\u00fcckmeldung geben? Sagen Sie uns, wann es Ihnen am besten passt, und wir rufen Sie zur\u00fcck.","robots":{"index":"index","follow":"follow","max-snippet":"max-snippet:-1","max-image-preview":"max-image-preview:large","max-video-preview":"max-video-preview:-1"},"canonical":"https:\/\/www.petcovergroup.com\/de\/rueckruf-anfordern\/","og_locale":"en_GB","og_type":"article","og_title":"Contact Petcover Australia by Online Chat, Phone, Email or Mail","og_description":"If you need to contact us here at Petcover, we have lots of ways to make it as easy for you as possible. We're here to help.","og_url":"https:\/\/www.petcovergroup.com\/de\/rueckruf-anfordern\/","og_site_name":"Petcover DE","article_modified_time":"2026-02-02T16:02:09+00:00","twitter_card":"summary_large_image","twitter_image":"https:\/\/www.petcovergroup.com\/de\/wp-content\/uploads\/sites\/22\/2021\/10\/Rhodesian-Ridgeback-featured.jpg","twitter_misc":{"Estimated reading time":"1 minute"},"schema":{"@context":"https:\/\/schema.org","@graph":[{"@type":"WebPage","@id":"https:\/\/www.petcovergroup.com\/de\/rueckruf-anfordern\/","url":"https:\/\/www.petcovergroup.com\/de\/rueckruf-anfordern\/","name":"R\u00fcckruf anfordern | Petcover Deutschland","isPartOf":{"@id":"https:\/\/www.petcovergroup.com\/de\/#website"},"primaryImageOfPage":{"@id":"https:\/\/www.petcovergroup.com\/de\/rueckruf-anfordern\/#primaryimage"},"image":{"@id":"https:\/\/www.petcovergroup.com\/de\/rueckruf-anfordern\/#primaryimage"},"thumbnailUrl":"https:\/\/www.petcovergroup.com\/de\/wp-content\/uploads\/sites\/22\/2021\/10\/Rhodesian-Ridgeback-featured.jpg","datePublished":"2023-06-27T14:09:47+00:00","dateModified":"2026-02-02T16:02:09+00:00","description":"Haben Sie eine Frage, ben\u00f6tigen Sie Unterst\u00fctzung oder m\u00f6chten Sie Petcover eine R\u00fcckmeldung geben? Sagen Sie uns, wann es Ihnen am besten passt, und wir rufen Sie zur\u00fcck.","breadcrumb":{"@id":"https:\/\/www.petcovergroup.com\/de\/rueckruf-anfordern\/#breadcrumb"},"inLanguage":"en-GB","potentialAction":[{"@type":"ReadAction","target":["https:\/\/www.petcovergroup.com\/de\/rueckruf-anfordern\/"]}]},{"@type":"ImageObject","inLanguage":"en-GB","@id":"https:\/\/www.petcovergroup.com\/de\/rueckruf-anfordern\/#primaryimage","url":"https:\/\/www.petcovergroup.com\/de\/wp-content\/uploads\/sites\/22\/2021\/10\/Rhodesian-Ridgeback-featured.jpg","contentUrl":"https:\/\/www.petcovergroup.com\/de\/wp-content\/uploads\/sites\/22\/2021\/10\/Rhodesian-Ridgeback-featured.jpg","width":1200,"height":900},{"@type":"BreadcrumbList","@id":"https:\/\/www.petcovergroup.com\/de\/rueckruf-anfordern\/#breadcrumb","itemListElement":[{"@type":"ListItem","position":1,"name":"Home","item":"https:\/\/www.petcovergroup.com\/de\/"},{"@type":"ListItem","position":2,"name":"R\u00fcckruf anfordern"}]},{"@type":"WebSite","@id":"https:\/\/www.petcovergroup.com\/de\/#website","url":"https:\/\/www.petcovergroup.com\/de\/","name":"Petcover DE","description":"","potentialAction":[{"@type":"SearchAction","target":{"@type":"EntryPoint","urlTemplate":"https:\/\/www.petcovergroup.com\/de\/?s={search_term_string}"},"query-input":{"@type":"PropertyValueSpecification","valueRequired":true,"valueName":"search_term_string"}}],"inLanguage":"en-GB"}]}},"lang":"de","translations":{"de":6756,"en":6737},"pll_sync_post":[],"_links":{"self":[{"href":"https:\/\/www.petcovergroup.com\/de\/wp-json\/wp\/v2\/pages\/6756","targetHints":{"allow":["GET"]}}],"collection":[{"href":"https:\/\/www.petcovergroup.com\/de\/wp-json\/wp\/v2\/pages"}],"about":[{"href":"https:\/\/www.petcovergroup.com\/de\/wp-json\/wp\/v2\/types\/page"}],"author":[{"embeddable":true,"href":"https:\/\/www.petcovergroup.com\/de\/wp-json\/wp\/v2\/users\/17"}],"replies":[{"embeddable":true,"href":"https:\/\/www.petcovergroup.com\/de\/wp-json\/wp\/v2\/comments?post=6756"}],"version-history":[{"count":0,"href":"https:\/\/www.petcovergroup.com\/de\/wp-json\/wp\/v2\/pages\/6756\/revisions"}],"wp:featuredmedia":[{"embeddable":true,"href":"https:\/\/www.petcovergroup.com\/de\/wp-json\/wp\/v2\/media\/5694"}],"wp:attachment":[{"href":"https:\/\/www.petcovergroup.com\/de\/wp-json\/wp\/v2\/media?parent=6756"}],"wp:term":[{"taxonomy":"category","embeddable":true,"href":"https:\/\/www.petcovergroup.com\/de\/wp-json\/wp\/v2\/categories?post=6756"}],"curies":[{"name":"wp","href":"https:\/\/api.w.org\/{rel}","templated":true}]}}