{"id":368,"date":"2021-02-11T10:41:19","date_gmt":"2021-02-11T10:41:19","guid":{"rendered":"http:\/\/petcover.mediaworksdev.co.uk\/au\/?page_id=368"},"modified":"2026-05-07T17:22:07","modified_gmt":"2026-05-07T15:22:07","slug":"partner","status":"publish","type":"page","link":"https:\/\/www.petcovergroup.com\/de\/partner\/","title":{"rendered":"Partner"},"content":{"rendered":"","protected":false},"excerpt":{"rendered":"","protected":false},"author":1,"featured_media":3913,"parent":0,"menu_order":0,"comment_status":"closed","ping_status":"closed","template":"","meta":{"_acf_changed":false,"inline_featured_image":false,"footnotes":""},"categories":[],"class_list":["post-368","page","type-page","status-publish","has-post-thumbnail","hentry"],"acf":[],"yoast_head":"<!-- This site is optimized with the Yoast SEO plugin v27.0 - https:\/\/yoast.com\/product\/yoast-seo-wordpress\/ -->\n<title>Werden Sie Petcover-Partner und bieten Sie Ihren Kunden exklusive Vorteile<\/title>\n<meta name=\"description\" content=\"Werden Sie Partner von Petcover Deutschland und bieten Sie Ihren Kunden zus\u00e4tzliche Vorteile. Wir arbeiten mit Tier\u00e4rzten, Wohlt\u00e4tigkeitsorganisationen, Tierhandlungen und Z\u00fcchtern zusammen.\" \/>\n<meta name=\"robots\" content=\"index, follow, max-snippet:-1, max-image-preview:large, max-video-preview:-1\" \/>\n<link rel=\"canonical\" href=\"https:\/\/www.petcovergroup.com\/de\/partner\/\" \/>\n<meta property=\"og:locale\" content=\"en_GB\" \/>\n<meta property=\"og:type\" content=\"article\" \/>\n<meta property=\"og:title\" content=\"We Work With Respected Animal Professionals Across Australia\" \/>\n<meta property=\"og:description\" content=\"We have longstanding and valued partnerships with respected vets, breeders, charities, pet shops across Australia.\" \/>\n<meta property=\"og:url\" content=\"https:\/\/www.petcovergroup.com\/de\/partner\/\" \/>\n<meta property=\"og:site_name\" content=\"Petcover DE\" \/>\n<meta property=\"article:modified_time\" content=\"2026-05-07T15:22:07+00:00\" \/>\n<meta property=\"og:image\" content=\"https:\/\/www.petcovergroup.com\/de\/wp-content\/uploads\/sites\/22\/2021\/06\/petcover-austria-dog-breeder-puppy-pet-insurance-700x440-1.jpg\" \/>\n\t<meta property=\"og:image:width\" content=\"700\" \/>\n\t<meta property=\"og:image:height\" content=\"440\" \/>\n\t<meta property=\"og:image:type\" content=\"image\/jpeg\" \/>\n<meta name=\"twitter:card\" content=\"summary_large_image\" \/>\n<meta name=\"twitter:label1\" content=\"Estimated reading time\" \/>\n\t<meta name=\"twitter:data1\" content=\"1 minute\" \/>\n<script type=\"application\/ld+json\" class=\"yoast-schema-graph\">{\"@context\":\"https:\/\/schema.org\",\"@graph\":[{\"@type\":\"WebPage\",\"@id\":\"https:\/\/www.petcovergroup.com\/de\/partner\/\",\"url\":\"https:\/\/www.petcovergroup.com\/de\/partner\/\",\"name\":\"Werden Sie Petcover-Partner und bieten Sie Ihren Kunden exklusive Vorteile\",\"isPartOf\":{\"@id\":\"https:\/\/www.petcovergroup.com\/de\/#website\"},\"primaryImageOfPage\":{\"@id\":\"https:\/\/www.petcovergroup.com\/de\/partner\/#primaryimage\"},\"image\":{\"@id\":\"https:\/\/www.petcovergroup.com\/de\/partner\/#primaryimage\"},\"thumbnailUrl\":\"https:\/\/www.petcovergroup.com\/de\/wp-content\/uploads\/sites\/22\/2021\/06\/petcover-austria-dog-breeder-puppy-pet-insurance-700x440-1.jpg\",\"datePublished\":\"2021-02-11T10:41:19+00:00\",\"dateModified\":\"2026-05-07T15:22:07+00:00\",\"description\":\"Werden Sie Partner von Petcover Deutschland und bieten Sie Ihren Kunden zus\u00e4tzliche Vorteile. Wir arbeiten mit Tier\u00e4rzten, Wohlt\u00e4tigkeitsorganisationen, Tierhandlungen und Z\u00fcchtern zusammen.\",\"breadcrumb\":{\"@id\":\"https:\/\/www.petcovergroup.com\/de\/partner\/#breadcrumb\"},\"inLanguage\":\"en-GB\",\"potentialAction\":[{\"@type\":\"ReadAction\",\"target\":[\"https:\/\/www.petcovergroup.com\/de\/partner\/\"]}]},{\"@type\":\"ImageObject\",\"inLanguage\":\"en-GB\",\"@id\":\"https:\/\/www.petcovergroup.com\/de\/partner\/#primaryimage\",\"url\":\"https:\/\/www.petcovergroup.com\/de\/wp-content\/uploads\/sites\/22\/2021\/06\/petcover-austria-dog-breeder-puppy-pet-insurance-700x440-1.jpg\",\"contentUrl\":\"https:\/\/www.petcovergroup.com\/de\/wp-content\/uploads\/sites\/22\/2021\/06\/petcover-austria-dog-breeder-puppy-pet-insurance-700x440-1.jpg\",\"width\":700,\"height\":440,\"caption\":\"Woman lying on floor with a puppy\"},{\"@type\":\"BreadcrumbList\",\"@id\":\"https:\/\/www.petcovergroup.com\/de\/partner\/#breadcrumb\",\"itemListElement\":[{\"@type\":\"ListItem\",\"position\":1,\"name\":\"Home\",\"item\":\"https:\/\/www.petcovergroup.com\/de\/\"},{\"@type\":\"ListItem\",\"position\":2,\"name\":\"Partner\"}]},{\"@type\":\"WebSite\",\"@id\":\"https:\/\/www.petcovergroup.com\/de\/#website\",\"url\":\"https:\/\/www.petcovergroup.com\/de\/\",\"name\":\"Petcover DE\",\"description\":\"\",\"potentialAction\":[{\"@type\":\"SearchAction\",\"target\":{\"@type\":\"EntryPoint\",\"urlTemplate\":\"https:\/\/www.petcovergroup.com\/de\/?s={search_term_string}\"},\"query-input\":{\"@type\":\"PropertyValueSpecification\",\"valueRequired\":true,\"valueName\":\"search_term_string\"}}],\"inLanguage\":\"en-GB\"}]}<\/script>\n<!-- \/ Yoast SEO plugin. -->","yoast_head_json":{"title":"Werden Sie Petcover-Partner und bieten Sie Ihren Kunden exklusive Vorteile","description":"Werden Sie Partner von Petcover Deutschland und bieten Sie Ihren Kunden zus\u00e4tzliche Vorteile. Wir arbeiten mit Tier\u00e4rzten, Wohlt\u00e4tigkeitsorganisationen, Tierhandlungen und Z\u00fcchtern zusammen.","robots":{"index":"index","follow":"follow","max-snippet":"max-snippet:-1","max-image-preview":"max-image-preview:large","max-video-preview":"max-video-preview:-1"},"canonical":"https:\/\/www.petcovergroup.com\/de\/partner\/","og_locale":"en_GB","og_type":"article","og_title":"We Work With Respected Animal Professionals Across Australia","og_description":"We have longstanding and valued partnerships with respected vets, breeders, charities, pet shops across Australia.","og_url":"https:\/\/www.petcovergroup.com\/de\/partner\/","og_site_name":"Petcover DE","article_modified_time":"2026-05-07T15:22:07+00:00","og_image":[{"width":700,"height":440,"url":"https:\/\/www.petcovergroup.com\/de\/wp-content\/uploads\/sites\/22\/2021\/06\/petcover-austria-dog-breeder-puppy-pet-insurance-700x440-1.jpg","type":"image\/jpeg"}],"twitter_card":"summary_large_image","twitter_misc":{"Estimated reading time":"1 minute"},"schema":{"@context":"https:\/\/schema.org","@graph":[{"@type":"WebPage","@id":"https:\/\/www.petcovergroup.com\/de\/partner\/","url":"https:\/\/www.petcovergroup.com\/de\/partner\/","name":"Werden Sie Petcover-Partner und bieten Sie Ihren Kunden exklusive Vorteile","isPartOf":{"@id":"https:\/\/www.petcovergroup.com\/de\/#website"},"primaryImageOfPage":{"@id":"https:\/\/www.petcovergroup.com\/de\/partner\/#primaryimage"},"image":{"@id":"https:\/\/www.petcovergroup.com\/de\/partner\/#primaryimage"},"thumbnailUrl":"https:\/\/www.petcovergroup.com\/de\/wp-content\/uploads\/sites\/22\/2021\/06\/petcover-austria-dog-breeder-puppy-pet-insurance-700x440-1.jpg","datePublished":"2021-02-11T10:41:19+00:00","dateModified":"2026-05-07T15:22:07+00:00","description":"Werden Sie Partner von Petcover Deutschland und bieten Sie Ihren Kunden zus\u00e4tzliche Vorteile. Wir arbeiten mit Tier\u00e4rzten, Wohlt\u00e4tigkeitsorganisationen, Tierhandlungen und Z\u00fcchtern zusammen.","breadcrumb":{"@id":"https:\/\/www.petcovergroup.com\/de\/partner\/#breadcrumb"},"inLanguage":"en-GB","potentialAction":[{"@type":"ReadAction","target":["https:\/\/www.petcovergroup.com\/de\/partner\/"]}]},{"@type":"ImageObject","inLanguage":"en-GB","@id":"https:\/\/www.petcovergroup.com\/de\/partner\/#primaryimage","url":"https:\/\/www.petcovergroup.com\/de\/wp-content\/uploads\/sites\/22\/2021\/06\/petcover-austria-dog-breeder-puppy-pet-insurance-700x440-1.jpg","contentUrl":"https:\/\/www.petcovergroup.com\/de\/wp-content\/uploads\/sites\/22\/2021\/06\/petcover-austria-dog-breeder-puppy-pet-insurance-700x440-1.jpg","width":700,"height":440,"caption":"Woman lying on floor with a puppy"},{"@type":"BreadcrumbList","@id":"https:\/\/www.petcovergroup.com\/de\/partner\/#breadcrumb","itemListElement":[{"@type":"ListItem","position":1,"name":"Home","item":"https:\/\/www.petcovergroup.com\/de\/"},{"@type":"ListItem","position":2,"name":"Partner"}]},{"@type":"WebSite","@id":"https:\/\/www.petcovergroup.com\/de\/#website","url":"https:\/\/www.petcovergroup.com\/de\/","name":"Petcover DE","description":"","potentialAction":[{"@type":"SearchAction","target":{"@type":"EntryPoint","urlTemplate":"https:\/\/www.petcovergroup.com\/de\/?s={search_term_string}"},"query-input":{"@type":"PropertyValueSpecification","valueRequired":true,"valueName":"search_term_string"}}],"inLanguage":"en-GB"}]}},"lang":"de","translations":{"de":368,"en":4149},"pll_sync_post":[],"_links":{"self":[{"href":"https:\/\/www.petcovergroup.com\/de\/wp-json\/wp\/v2\/pages\/368","targetHints":{"allow":["GET"]}}],"collection":[{"href":"https:\/\/www.petcovergroup.com\/de\/wp-json\/wp\/v2\/pages"}],"about":[{"href":"https:\/\/www.petcovergroup.com\/de\/wp-json\/wp\/v2\/types\/page"}],"author":[{"embeddable":true,"href":"https:\/\/www.petcovergroup.com\/de\/wp-json\/wp\/v2\/users\/1"}],"replies":[{"embeddable":true,"href":"https:\/\/www.petcovergroup.com\/de\/wp-json\/wp\/v2\/comments?post=368"}],"version-history":[{"count":0,"href":"https:\/\/www.petcovergroup.com\/de\/wp-json\/wp\/v2\/pages\/368\/revisions"}],"wp:featuredmedia":[{"embeddable":true,"href":"https:\/\/www.petcovergroup.com\/de\/wp-json\/wp\/v2\/media\/3913"}],"wp:attachment":[{"href":"https:\/\/www.petcovergroup.com\/de\/wp-json\/wp\/v2\/media?parent=368"}],"wp:term":[{"taxonomy":"category","embeddable":true,"href":"https:\/\/www.petcovergroup.com\/de\/wp-json\/wp\/v2\/categories?post=368"}],"curies":[{"name":"wp","href":"https:\/\/api.w.org\/{rel}","templated":true}]}}