{"id":9162,"date":"2026-02-19T17:10:55","date_gmt":"2026-02-19T16:10:55","guid":{"rendered":"https:\/\/www.petcovergroup.com\/at\/?page_id=9162"},"modified":"2026-02-20T14:51:35","modified_gmt":"2026-02-20T13:51:35","slug":"haustierversicherung-fur-labrador-retriever","status":"publish","type":"page","link":"https:\/\/www.petcovergroup.com\/at\/hundeversicherung\/haustierversicherung-fur-labrador-retriever\/","title":{"rendered":"Haustierversicherung f\u00fcr Labrador Retriever"},"content":{"rendered":"<p>https:\/\/www.feefo.com\/en-GB\/reviews\/petcovergroup?displayFeedbackType=BOTH&#038;withMedia=false&#038;timeFrame=ALL<\/p>\n","protected":false},"excerpt":{"rendered":"<p>https:\/\/www.feefo.com\/en-GB\/reviews\/petcovergroup?displayFeedbackType=BOTH&#038;withMedia=false&#038;timeFrame=ALL<\/p>\n","protected":false},"author":54,"featured_media":9165,"parent":582,"menu_order":0,"comment_status":"closed","ping_status":"closed","template":"","meta":{"_acf_changed":false,"inline_featured_image":false,"footnotes":""},"categories":[24],"class_list":["post-9162","page","type-page","status-publish","has-post-thumbnail","hentry","category-hund"],"acf":[],"yoast_head":"<!-- This site is optimized with the Yoast SEO plugin v27.0 - https:\/\/yoast.com\/product\/yoast-seo-wordpress\/ -->\n<title>Haustierversicherung f\u00fcr Labrador Retriever | Petcover \u00d6sterreich<\/title>\n<meta name=\"description\" content=\"Petcover \u00d6sterreich bietet die Hundekrankenversicherung \u2013 Schutz vor hohen Tierarztkosten bei Krankheit, Unfall &amp; OP. Jetzt online Hundeversicherung berechnen\" \/>\n<meta name=\"robots\" content=\"index, follow, max-snippet:-1, max-image-preview:large, max-video-preview:-1\" \/>\n<link rel=\"canonical\" href=\"https:\/\/www.petcovergroup.com\/at\/hundeversicherung\/haustierversicherung-fur-labrador-retriever\/\" \/>\n<meta property=\"og:locale\" content=\"en_GB\" \/>\n<meta property=\"og:type\" content=\"article\" \/>\n<meta property=\"og:title\" content=\"Haustierversicherung f\u00fcr Labrador Retriever | Petcover \u00d6sterreich\" \/>\n<meta property=\"og:description\" content=\"Petcover \u00d6sterreich bietet die Hundekrankenversicherung \u2013 Schutz vor hohen Tierarztkosten bei Krankheit, Unfall &amp; OP. Jetzt online Hundeversicherung berechnen\" \/>\n<meta property=\"og:url\" content=\"https:\/\/www.petcovergroup.com\/at\/hundeversicherung\/haustierversicherung-fur-labrador-retriever\/\" \/>\n<meta property=\"og:site_name\" content=\"Petcover AT\" \/>\n<meta property=\"article:modified_time\" content=\"2026-02-20T13:51:35+00:00\" \/>\n<meta name=\"twitter:card\" content=\"summary_large_image\" \/>\n<meta name=\"twitter:image\" content=\"https:\/\/www.petcovergroup.com\/at\/wp-content\/uploads\/sites\/14\/2026\/02\/ALL-Breed-Specific-Animal-Labrador-Web-Banner-Moblie-1024-x-600-v16022026.png\" \/>\n<meta name=\"twitter:label1\" content=\"Estimated reading time\" \/>\n\t<meta name=\"twitter:data1\" content=\"1 minute\" \/>\n<script type=\"application\/ld+json\" class=\"yoast-schema-graph\">{\"@context\":\"https:\/\/schema.org\",\"@graph\":[{\"@type\":\"WebPage\",\"@id\":\"https:\/\/www.petcovergroup.com\/at\/hundeversicherung\/haustierversicherung-fur-labrador-retriever\/\",\"url\":\"https:\/\/www.petcovergroup.com\/at\/hundeversicherung\/haustierversicherung-fur-labrador-retriever\/\",\"name\":\"Haustierversicherung f\u00fcr Labrador Retriever | Petcover \u00d6sterreich\",\"isPartOf\":{\"@id\":\"https:\/\/www.petcovergroup.com\/at\/#website\"},\"primaryImageOfPage\":{\"@id\":\"https:\/\/www.petcovergroup.com\/at\/hundeversicherung\/haustierversicherung-fur-labrador-retriever\/#primaryimage\"},\"image\":{\"@id\":\"https:\/\/www.petcovergroup.com\/at\/hundeversicherung\/haustierversicherung-fur-labrador-retriever\/#primaryimage\"},\"thumbnailUrl\":\"https:\/\/www.petcovergroup.com\/at\/wp-content\/uploads\/sites\/14\/2026\/02\/ALL-Breed-Specific-Animal-Labrador-Web-Banner-Moblie-1024-x-600-v16022026.png\",\"datePublished\":\"2026-02-19T16:10:55+00:00\",\"dateModified\":\"2026-02-20T13:51:35+00:00\",\"description\":\"Petcover \u00d6sterreich bietet die Hundekrankenversicherung \u2013 Schutz vor hohen Tierarztkosten bei Krankheit, Unfall & OP. Jetzt online Hundeversicherung berechnen\",\"breadcrumb\":{\"@id\":\"https:\/\/www.petcovergroup.com\/at\/hundeversicherung\/haustierversicherung-fur-labrador-retriever\/#breadcrumb\"},\"inLanguage\":\"en-GB\",\"potentialAction\":[{\"@type\":\"ReadAction\",\"target\":[\"https:\/\/www.petcovergroup.com\/at\/hundeversicherung\/haustierversicherung-fur-labrador-retriever\/\"]}]},{\"@type\":\"ImageObject\",\"inLanguage\":\"en-GB\",\"@id\":\"https:\/\/www.petcovergroup.com\/at\/hundeversicherung\/haustierversicherung-fur-labrador-retriever\/#primaryimage\",\"url\":\"https:\/\/www.petcovergroup.com\/at\/wp-content\/uploads\/sites\/14\/2026\/02\/ALL-Breed-Specific-Animal-Labrador-Web-Banner-Moblie-1024-x-600-v16022026.png\",\"contentUrl\":\"https:\/\/www.petcovergroup.com\/at\/wp-content\/uploads\/sites\/14\/2026\/02\/ALL-Breed-Specific-Animal-Labrador-Web-Banner-Moblie-1024-x-600-v16022026.png\",\"width\":1024,\"height\":600},{\"@type\":\"BreadcrumbList\",\"@id\":\"https:\/\/www.petcovergroup.com\/at\/hundeversicherung\/haustierversicherung-fur-labrador-retriever\/#breadcrumb\",\"itemListElement\":[{\"@type\":\"ListItem\",\"position\":1,\"name\":\"Home\",\"item\":\"https:\/\/www.petcovergroup.com\/at\/\"},{\"@type\":\"ListItem\",\"position\":2,\"name\":\"Hundeversicherung\",\"item\":\"https:\/\/www.petcovergroup.com\/at\/hundeversicherung\/\"},{\"@type\":\"ListItem\",\"position\":3,\"name\":\"Haustierversicherung f\u00fcr Labrador Retriever\"}]},{\"@type\":\"WebSite\",\"@id\":\"https:\/\/www.petcovergroup.com\/at\/#website\",\"url\":\"https:\/\/www.petcovergroup.com\/at\/\",\"name\":\"Petcover AT\",\"description\":\"\",\"potentialAction\":[{\"@type\":\"SearchAction\",\"target\":{\"@type\":\"EntryPoint\",\"urlTemplate\":\"https:\/\/www.petcovergroup.com\/at\/?s={search_term_string}\"},\"query-input\":{\"@type\":\"PropertyValueSpecification\",\"valueRequired\":true,\"valueName\":\"search_term_string\"}}],\"inLanguage\":\"en-GB\"}]}<\/script>\n<!-- \/ Yoast SEO plugin. -->","yoast_head_json":{"title":"Haustierversicherung f\u00fcr Labrador Retriever | Petcover \u00d6sterreich","description":"Petcover \u00d6sterreich bietet die Hundekrankenversicherung \u2013 Schutz vor hohen Tierarztkosten bei Krankheit, Unfall & OP. Jetzt online Hundeversicherung berechnen","robots":{"index":"index","follow":"follow","max-snippet":"max-snippet:-1","max-image-preview":"max-image-preview:large","max-video-preview":"max-video-preview:-1"},"canonical":"https:\/\/www.petcovergroup.com\/at\/hundeversicherung\/haustierversicherung-fur-labrador-retriever\/","og_locale":"en_GB","og_type":"article","og_title":"Haustierversicherung f\u00fcr Labrador Retriever | Petcover \u00d6sterreich","og_description":"Petcover \u00d6sterreich bietet die Hundekrankenversicherung \u2013 Schutz vor hohen Tierarztkosten bei Krankheit, Unfall & OP. Jetzt online Hundeversicherung berechnen","og_url":"https:\/\/www.petcovergroup.com\/at\/hundeversicherung\/haustierversicherung-fur-labrador-retriever\/","og_site_name":"Petcover AT","article_modified_time":"2026-02-20T13:51:35+00:00","twitter_card":"summary_large_image","twitter_image":"https:\/\/www.petcovergroup.com\/at\/wp-content\/uploads\/sites\/14\/2026\/02\/ALL-Breed-Specific-Animal-Labrador-Web-Banner-Moblie-1024-x-600-v16022026.png","twitter_misc":{"Estimated reading time":"1 minute"},"schema":{"@context":"https:\/\/schema.org","@graph":[{"@type":"WebPage","@id":"https:\/\/www.petcovergroup.com\/at\/hundeversicherung\/haustierversicherung-fur-labrador-retriever\/","url":"https:\/\/www.petcovergroup.com\/at\/hundeversicherung\/haustierversicherung-fur-labrador-retriever\/","name":"Haustierversicherung f\u00fcr Labrador Retriever | Petcover \u00d6sterreich","isPartOf":{"@id":"https:\/\/www.petcovergroup.com\/at\/#website"},"primaryImageOfPage":{"@id":"https:\/\/www.petcovergroup.com\/at\/hundeversicherung\/haustierversicherung-fur-labrador-retriever\/#primaryimage"},"image":{"@id":"https:\/\/www.petcovergroup.com\/at\/hundeversicherung\/haustierversicherung-fur-labrador-retriever\/#primaryimage"},"thumbnailUrl":"https:\/\/www.petcovergroup.com\/at\/wp-content\/uploads\/sites\/14\/2026\/02\/ALL-Breed-Specific-Animal-Labrador-Web-Banner-Moblie-1024-x-600-v16022026.png","datePublished":"2026-02-19T16:10:55+00:00","dateModified":"2026-02-20T13:51:35+00:00","description":"Petcover \u00d6sterreich bietet die Hundekrankenversicherung \u2013 Schutz vor hohen Tierarztkosten bei Krankheit, Unfall & OP. Jetzt online Hundeversicherung berechnen","breadcrumb":{"@id":"https:\/\/www.petcovergroup.com\/at\/hundeversicherung\/haustierversicherung-fur-labrador-retriever\/#breadcrumb"},"inLanguage":"en-GB","potentialAction":[{"@type":"ReadAction","target":["https:\/\/www.petcovergroup.com\/at\/hundeversicherung\/haustierversicherung-fur-labrador-retriever\/"]}]},{"@type":"ImageObject","inLanguage":"en-GB","@id":"https:\/\/www.petcovergroup.com\/at\/hundeversicherung\/haustierversicherung-fur-labrador-retriever\/#primaryimage","url":"https:\/\/www.petcovergroup.com\/at\/wp-content\/uploads\/sites\/14\/2026\/02\/ALL-Breed-Specific-Animal-Labrador-Web-Banner-Moblie-1024-x-600-v16022026.png","contentUrl":"https:\/\/www.petcovergroup.com\/at\/wp-content\/uploads\/sites\/14\/2026\/02\/ALL-Breed-Specific-Animal-Labrador-Web-Banner-Moblie-1024-x-600-v16022026.png","width":1024,"height":600},{"@type":"BreadcrumbList","@id":"https:\/\/www.petcovergroup.com\/at\/hundeversicherung\/haustierversicherung-fur-labrador-retriever\/#breadcrumb","itemListElement":[{"@type":"ListItem","position":1,"name":"Home","item":"https:\/\/www.petcovergroup.com\/at\/"},{"@type":"ListItem","position":2,"name":"Hundeversicherung","item":"https:\/\/www.petcovergroup.com\/at\/hundeversicherung\/"},{"@type":"ListItem","position":3,"name":"Haustierversicherung f\u00fcr Labrador Retriever"}]},{"@type":"WebSite","@id":"https:\/\/www.petcovergroup.com\/at\/#website","url":"https:\/\/www.petcovergroup.com\/at\/","name":"Petcover AT","description":"","potentialAction":[{"@type":"SearchAction","target":{"@type":"EntryPoint","urlTemplate":"https:\/\/www.petcovergroup.com\/at\/?s={search_term_string}"},"query-input":{"@type":"PropertyValueSpecification","valueRequired":true,"valueName":"search_term_string"}}],"inLanguage":"en-GB"}]}},"lang":"de-at","translations":{"de-at":9162},"pll_sync_post":[],"_links":{"self":[{"href":"https:\/\/www.petcovergroup.com\/at\/wp-json\/wp\/v2\/pages\/9162","targetHints":{"allow":["GET"]}}],"collection":[{"href":"https:\/\/www.petcovergroup.com\/at\/wp-json\/wp\/v2\/pages"}],"about":[{"href":"https:\/\/www.petcovergroup.com\/at\/wp-json\/wp\/v2\/types\/page"}],"author":[{"embeddable":true,"href":"https:\/\/www.petcovergroup.com\/at\/wp-json\/wp\/v2\/users\/54"}],"replies":[{"embeddable":true,"href":"https:\/\/www.petcovergroup.com\/at\/wp-json\/wp\/v2\/comments?post=9162"}],"version-history":[{"count":0,"href":"https:\/\/www.petcovergroup.com\/at\/wp-json\/wp\/v2\/pages\/9162\/revisions"}],"up":[{"embeddable":true,"href":"https:\/\/www.petcovergroup.com\/at\/wp-json\/wp\/v2\/pages\/582"}],"wp:featuredmedia":[{"embeddable":true,"href":"https:\/\/www.petcovergroup.com\/at\/wp-json\/wp\/v2\/media\/9165"}],"wp:attachment":[{"href":"https:\/\/www.petcovergroup.com\/at\/wp-json\/wp\/v2\/media?parent=9162"}],"wp:term":[{"taxonomy":"category","embeddable":true,"href":"https:\/\/www.petcovergroup.com\/at\/wp-json\/wp\/v2\/categories?post=9162"}],"curies":[{"name":"wp","href":"https:\/\/api.w.org\/{rel}","templated":true}]}}