{"id":8623,"date":"2025-12-29T15:11:24","date_gmt":"2025-12-29T14:11:24","guid":{"rendered":"https:\/\/www.petcovergroup.com\/at\/?page_id=8623"},"modified":"2026-01-15T17:32:38","modified_gmt":"2026-01-15T16:32:38","slug":"exotische-versicherungsbroschuere","status":"publish","type":"page","link":"https:\/\/www.petcovergroup.com\/at\/exotische-versicherungsbroschuere\/","title":{"rendered":"Versicherungspolice f\u00fcr exotische Haustiere"},"content":{"rendered":"","protected":false},"excerpt":{"rendered":"","protected":false},"author":54,"featured_media":0,"parent":0,"menu_order":0,"comment_status":"closed","ping_status":"closed","template":"","meta":{"_acf_changed":false,"inline_featured_image":false,"footnotes":""},"categories":[16],"class_list":["post-8623","page","type-page","status-publish","hentry","category-exot"],"acf":[],"yoast_head":"<!-- This site is optimized with the Yoast SEO plugin v27.0 - https:\/\/yoast.com\/product\/yoast-seo-wordpress\/ -->\n<title>Exotische Versicherungspolicen &amp; Brosch\u00fcren \u2013 Petcover AT<\/title>\n<meta name=\"description\" content=\"Alle exotischen Versicherungspolicen und IPIDs von Petcover \u00d6sterreich \u2013 vollst\u00e4ndige Bedingungen &amp; Brosch\u00fcren f\u00fcr Exotenversicherungen.\" \/>\n<meta name=\"robots\" content=\"index, follow, max-snippet:-1, max-image-preview:large, max-video-preview:-1\" \/>\n<link rel=\"canonical\" href=\"https:\/\/www.petcovergroup.com\/at\/exotische-versicherungsbroschuere\/\" \/>\n<meta property=\"og:locale\" content=\"en_GB\" \/>\n<meta property=\"og:type\" content=\"article\" \/>\n<meta property=\"og:title\" content=\"Exotische Versicherungspolicen &amp; Brosch\u00fcren \u2013 Petcover AT\" \/>\n<meta property=\"og:description\" content=\"Alle exotischen Versicherungspolicen und IPIDs von Petcover \u00d6sterreich \u2013 vollst\u00e4ndige Bedingungen &amp; Brosch\u00fcren f\u00fcr Exotenversicherungen.\" \/>\n<meta property=\"og:url\" content=\"https:\/\/www.petcovergroup.com\/at\/exotische-versicherungsbroschuere\/\" \/>\n<meta property=\"og:site_name\" content=\"Petcover AT\" \/>\n<meta property=\"article:modified_time\" content=\"2026-01-15T16:32:38+00:00\" \/>\n<meta name=\"twitter:card\" content=\"summary_large_image\" \/>\n<script type=\"application\/ld+json\" class=\"yoast-schema-graph\">{\"@context\":\"https:\/\/schema.org\",\"@graph\":[{\"@type\":\"WebPage\",\"@id\":\"https:\/\/www.petcovergroup.com\/at\/exotische-versicherungsbroschuere\/\",\"url\":\"https:\/\/www.petcovergroup.com\/at\/exotische-versicherungsbroschuere\/\",\"name\":\"Exotische Versicherungspolicen & Brosch\u00fcren \u2013 Petcover AT\",\"isPartOf\":{\"@id\":\"https:\/\/www.petcovergroup.com\/at\/#website\"},\"datePublished\":\"2025-12-29T14:11:24+00:00\",\"dateModified\":\"2026-01-15T16:32:38+00:00\",\"description\":\"Alle exotischen Versicherungspolicen und IPIDs von Petcover \u00d6sterreich \u2013 vollst\u00e4ndige Bedingungen & Brosch\u00fcren f\u00fcr Exotenversicherungen.\",\"breadcrumb\":{\"@id\":\"https:\/\/www.petcovergroup.com\/at\/exotische-versicherungsbroschuere\/#breadcrumb\"},\"inLanguage\":\"en-GB\",\"potentialAction\":[{\"@type\":\"ReadAction\",\"target\":[\"https:\/\/www.petcovergroup.com\/at\/exotische-versicherungsbroschuere\/\"]}]},{\"@type\":\"BreadcrumbList\",\"@id\":\"https:\/\/www.petcovergroup.com\/at\/exotische-versicherungsbroschuere\/#breadcrumb\",\"itemListElement\":[{\"@type\":\"ListItem\",\"position\":1,\"name\":\"Home\",\"item\":\"https:\/\/www.petcovergroup.com\/at\/\"},{\"@type\":\"ListItem\",\"position\":2,\"name\":\"Versicherungspolice f\u00fcr exotische Haustiere\"}]},{\"@type\":\"WebSite\",\"@id\":\"https:\/\/www.petcovergroup.com\/at\/#website\",\"url\":\"https:\/\/www.petcovergroup.com\/at\/\",\"name\":\"Petcover AT\",\"description\":\"\",\"potentialAction\":[{\"@type\":\"SearchAction\",\"target\":{\"@type\":\"EntryPoint\",\"urlTemplate\":\"https:\/\/www.petcovergroup.com\/at\/?s={search_term_string}\"},\"query-input\":{\"@type\":\"PropertyValueSpecification\",\"valueRequired\":true,\"valueName\":\"search_term_string\"}}],\"inLanguage\":\"en-GB\"}]}<\/script>\n<!-- \/ Yoast SEO plugin. -->","yoast_head_json":{"title":"Exotische Versicherungspolicen & Brosch\u00fcren \u2013 Petcover AT","description":"Alle exotischen Versicherungspolicen und IPIDs von Petcover \u00d6sterreich \u2013 vollst\u00e4ndige Bedingungen & Brosch\u00fcren f\u00fcr Exotenversicherungen.","robots":{"index":"index","follow":"follow","max-snippet":"max-snippet:-1","max-image-preview":"max-image-preview:large","max-video-preview":"max-video-preview:-1"},"canonical":"https:\/\/www.petcovergroup.com\/at\/exotische-versicherungsbroschuere\/","og_locale":"en_GB","og_type":"article","og_title":"Exotische Versicherungspolicen & Brosch\u00fcren \u2013 Petcover AT","og_description":"Alle exotischen Versicherungspolicen und IPIDs von Petcover \u00d6sterreich \u2013 vollst\u00e4ndige Bedingungen & Brosch\u00fcren f\u00fcr Exotenversicherungen.","og_url":"https:\/\/www.petcovergroup.com\/at\/exotische-versicherungsbroschuere\/","og_site_name":"Petcover AT","article_modified_time":"2026-01-15T16:32:38+00:00","twitter_card":"summary_large_image","schema":{"@context":"https:\/\/schema.org","@graph":[{"@type":"WebPage","@id":"https:\/\/www.petcovergroup.com\/at\/exotische-versicherungsbroschuere\/","url":"https:\/\/www.petcovergroup.com\/at\/exotische-versicherungsbroschuere\/","name":"Exotische Versicherungspolicen & Brosch\u00fcren \u2013 Petcover AT","isPartOf":{"@id":"https:\/\/www.petcovergroup.com\/at\/#website"},"datePublished":"2025-12-29T14:11:24+00:00","dateModified":"2026-01-15T16:32:38+00:00","description":"Alle exotischen Versicherungspolicen und IPIDs von Petcover \u00d6sterreich \u2013 vollst\u00e4ndige Bedingungen & Brosch\u00fcren f\u00fcr Exotenversicherungen.","breadcrumb":{"@id":"https:\/\/www.petcovergroup.com\/at\/exotische-versicherungsbroschuere\/#breadcrumb"},"inLanguage":"en-GB","potentialAction":[{"@type":"ReadAction","target":["https:\/\/www.petcovergroup.com\/at\/exotische-versicherungsbroschuere\/"]}]},{"@type":"BreadcrumbList","@id":"https:\/\/www.petcovergroup.com\/at\/exotische-versicherungsbroschuere\/#breadcrumb","itemListElement":[{"@type":"ListItem","position":1,"name":"Home","item":"https:\/\/www.petcovergroup.com\/at\/"},{"@type":"ListItem","position":2,"name":"Versicherungspolice f\u00fcr exotische Haustiere"}]},{"@type":"WebSite","@id":"https:\/\/www.petcovergroup.com\/at\/#website","url":"https:\/\/www.petcovergroup.com\/at\/","name":"Petcover AT","description":"","potentialAction":[{"@type":"SearchAction","target":{"@type":"EntryPoint","urlTemplate":"https:\/\/www.petcovergroup.com\/at\/?s={search_term_string}"},"query-input":{"@type":"PropertyValueSpecification","valueRequired":true,"valueName":"search_term_string"}}],"inLanguage":"en-GB"}]}},"lang":"de-at","translations":{"de-at":8623},"pll_sync_post":[],"_links":{"self":[{"href":"https:\/\/www.petcovergroup.com\/at\/wp-json\/wp\/v2\/pages\/8623","targetHints":{"allow":["GET"]}}],"collection":[{"href":"https:\/\/www.petcovergroup.com\/at\/wp-json\/wp\/v2\/pages"}],"about":[{"href":"https:\/\/www.petcovergroup.com\/at\/wp-json\/wp\/v2\/types\/page"}],"author":[{"embeddable":true,"href":"https:\/\/www.petcovergroup.com\/at\/wp-json\/wp\/v2\/users\/54"}],"replies":[{"embeddable":true,"href":"https:\/\/www.petcovergroup.com\/at\/wp-json\/wp\/v2\/comments?post=8623"}],"version-history":[{"count":0,"href":"https:\/\/www.petcovergroup.com\/at\/wp-json\/wp\/v2\/pages\/8623\/revisions"}],"wp:attachment":[{"href":"https:\/\/www.petcovergroup.com\/at\/wp-json\/wp\/v2\/media?parent=8623"}],"wp:term":[{"taxonomy":"category","embeddable":true,"href":"https:\/\/www.petcovergroup.com\/at\/wp-json\/wp\/v2\/categories?post=8623"}],"curies":[{"name":"wp","href":"https:\/\/api.w.org\/{rel}","templated":true}]}}