{"id":377,"date":"2021-02-11T10:52:48","date_gmt":"2021-02-11T10:52:48","guid":{"rendered":"http:\/\/petcover.mediaworksdev.co.uk\/au\/?page_id=377"},"modified":"2024-01-23T07:30:43","modified_gmt":"2024-01-23T06:30:43","slug":"ueber-petcover","status":"publish","type":"page","link":"https:\/\/www.petcovergroup.com\/at\/ueber-petcover\/","title":{"rendered":"\u00dcber Petcover"},"content":{"rendered":"","protected":false},"excerpt":{"rendered":"","protected":false},"author":1,"featured_media":0,"parent":0,"menu_order":0,"comment_status":"closed","ping_status":"closed","template":"","meta":{"_acf_changed":false,"inline_featured_image":false,"footnotes":""},"categories":[],"class_list":["post-377","page","type-page","status-publish","hentry"],"acf":[],"yoast_head":"<!-- This site is optimized with the Yoast SEO plugin v27.0 - https:\/\/yoast.com\/product\/yoast-seo-wordpress\/ -->\n<title>Beste &amp; Erschwingliche Haustierversicherung In \u00d6sterreich | Petcover \u00d6sterreich<\/title>\n<meta name=\"description\" content=\"Mit Tausenden von Tieren, die wir weltweit versichern, k\u00f6nnte die Gesundheit Ihres Haustieres nicht in besseren H\u00e4nden sein als bei Petcover. Melden Sie sich noch heute bei uns an und erhalten Sie jetzt Ihr Angebot!\" \/>\n<meta name=\"robots\" content=\"index, follow, max-snippet:-1, max-image-preview:large, max-video-preview:-1\" \/>\n<link rel=\"canonical\" href=\"https:\/\/www.petcovergroup.com\/at\/ueber-petcover\/\" \/>\n<meta property=\"og:locale\" content=\"en_GB\" \/>\n<meta property=\"og:type\" content=\"article\" \/>\n<meta property=\"og:title\" content=\"Petcover was created by animal lovers for animal lovers\" \/>\n<meta property=\"og:description\" content=\"With thousands of animals insured all over the world, your pet&#039;s health couldn&#039;t be in safer hands than with Petcover.\" \/>\n<meta property=\"og:url\" content=\"https:\/\/www.petcovergroup.com\/at\/ueber-petcover\/\" \/>\n<meta property=\"og:site_name\" content=\"Petcover AT\" \/>\n<meta property=\"article:modified_time\" content=\"2024-01-23T06:30:43+00:00\" \/>\n<meta name=\"twitter:card\" content=\"summary_large_image\" \/>\n<script type=\"application\/ld+json\" class=\"yoast-schema-graph\">{\"@context\":\"https:\/\/schema.org\",\"@graph\":[{\"@type\":\"WebPage\",\"@id\":\"https:\/\/www.petcovergroup.com\/at\/ueber-petcover\/\",\"url\":\"https:\/\/www.petcovergroup.com\/at\/ueber-petcover\/\",\"name\":\"Beste & Erschwingliche Haustierversicherung In \u00d6sterreich | Petcover \u00d6sterreich\",\"isPartOf\":{\"@id\":\"https:\/\/www.petcovergroup.com\/at\/#website\"},\"datePublished\":\"2021-02-11T10:52:48+00:00\",\"dateModified\":\"2024-01-23T06:30:43+00:00\",\"description\":\"Mit Tausenden von Tieren, die wir weltweit versichern, k\u00f6nnte die Gesundheit Ihres Haustieres nicht in besseren H\u00e4nden sein als bei Petcover. Melden Sie sich noch heute bei uns an und erhalten Sie jetzt Ihr Angebot!\",\"breadcrumb\":{\"@id\":\"https:\/\/www.petcovergroup.com\/at\/ueber-petcover\/#breadcrumb\"},\"inLanguage\":\"en-GB\",\"potentialAction\":[{\"@type\":\"ReadAction\",\"target\":[\"https:\/\/www.petcovergroup.com\/at\/ueber-petcover\/\"]}]},{\"@type\":\"BreadcrumbList\",\"@id\":\"https:\/\/www.petcovergroup.com\/at\/ueber-petcover\/#breadcrumb\",\"itemListElement\":[{\"@type\":\"ListItem\",\"position\":1,\"name\":\"Home\",\"item\":\"https:\/\/www.petcovergroup.com\/at\/\"},{\"@type\":\"ListItem\",\"position\":2,\"name\":\"\u00dcber Petcover\"}]},{\"@type\":\"WebSite\",\"@id\":\"https:\/\/www.petcovergroup.com\/at\/#website\",\"url\":\"https:\/\/www.petcovergroup.com\/at\/\",\"name\":\"Petcover AT\",\"description\":\"\",\"potentialAction\":[{\"@type\":\"SearchAction\",\"target\":{\"@type\":\"EntryPoint\",\"urlTemplate\":\"https:\/\/www.petcovergroup.com\/at\/?s={search_term_string}\"},\"query-input\":{\"@type\":\"PropertyValueSpecification\",\"valueRequired\":true,\"valueName\":\"search_term_string\"}}],\"inLanguage\":\"en-GB\"}]}<\/script>\n<!-- \/ Yoast SEO plugin. -->","yoast_head_json":{"title":"Beste & Erschwingliche Haustierversicherung In \u00d6sterreich | Petcover \u00d6sterreich","description":"Mit Tausenden von Tieren, die wir weltweit versichern, k\u00f6nnte die Gesundheit Ihres Haustieres nicht in besseren H\u00e4nden sein als bei Petcover. Melden Sie sich noch heute bei uns an und erhalten Sie jetzt Ihr Angebot!","robots":{"index":"index","follow":"follow","max-snippet":"max-snippet:-1","max-image-preview":"max-image-preview:large","max-video-preview":"max-video-preview:-1"},"canonical":"https:\/\/www.petcovergroup.com\/at\/ueber-petcover\/","og_locale":"en_GB","og_type":"article","og_title":"Petcover was created by animal lovers for animal lovers","og_description":"With thousands of animals insured all over the world, your pet's health couldn't be in safer hands than with Petcover.","og_url":"https:\/\/www.petcovergroup.com\/at\/ueber-petcover\/","og_site_name":"Petcover AT","article_modified_time":"2024-01-23T06:30:43+00:00","twitter_card":"summary_large_image","schema":{"@context":"https:\/\/schema.org","@graph":[{"@type":"WebPage","@id":"https:\/\/www.petcovergroup.com\/at\/ueber-petcover\/","url":"https:\/\/www.petcovergroup.com\/at\/ueber-petcover\/","name":"Beste & Erschwingliche Haustierversicherung In \u00d6sterreich | Petcover \u00d6sterreich","isPartOf":{"@id":"https:\/\/www.petcovergroup.com\/at\/#website"},"datePublished":"2021-02-11T10:52:48+00:00","dateModified":"2024-01-23T06:30:43+00:00","description":"Mit Tausenden von Tieren, die wir weltweit versichern, k\u00f6nnte die Gesundheit Ihres Haustieres nicht in besseren H\u00e4nden sein als bei Petcover. Melden Sie sich noch heute bei uns an und erhalten Sie jetzt Ihr Angebot!","breadcrumb":{"@id":"https:\/\/www.petcovergroup.com\/at\/ueber-petcover\/#breadcrumb"},"inLanguage":"en-GB","potentialAction":[{"@type":"ReadAction","target":["https:\/\/www.petcovergroup.com\/at\/ueber-petcover\/"]}]},{"@type":"BreadcrumbList","@id":"https:\/\/www.petcovergroup.com\/at\/ueber-petcover\/#breadcrumb","itemListElement":[{"@type":"ListItem","position":1,"name":"Home","item":"https:\/\/www.petcovergroup.com\/at\/"},{"@type":"ListItem","position":2,"name":"\u00dcber Petcover"}]},{"@type":"WebSite","@id":"https:\/\/www.petcovergroup.com\/at\/#website","url":"https:\/\/www.petcovergroup.com\/at\/","name":"Petcover AT","description":"","potentialAction":[{"@type":"SearchAction","target":{"@type":"EntryPoint","urlTemplate":"https:\/\/www.petcovergroup.com\/at\/?s={search_term_string}"},"query-input":{"@type":"PropertyValueSpecification","valueRequired":true,"valueName":"search_term_string"}}],"inLanguage":"en-GB"}]}},"lang":"de-at","translations":{"de-at":377},"pll_sync_post":[],"_links":{"self":[{"href":"https:\/\/www.petcovergroup.com\/at\/wp-json\/wp\/v2\/pages\/377","targetHints":{"allow":["GET"]}}],"collection":[{"href":"https:\/\/www.petcovergroup.com\/at\/wp-json\/wp\/v2\/pages"}],"about":[{"href":"https:\/\/www.petcovergroup.com\/at\/wp-json\/wp\/v2\/types\/page"}],"author":[{"embeddable":true,"href":"https:\/\/www.petcovergroup.com\/at\/wp-json\/wp\/v2\/users\/1"}],"replies":[{"embeddable":true,"href":"https:\/\/www.petcovergroup.com\/at\/wp-json\/wp\/v2\/comments?post=377"}],"version-history":[{"count":0,"href":"https:\/\/www.petcovergroup.com\/at\/wp-json\/wp\/v2\/pages\/377\/revisions"}],"wp:attachment":[{"href":"https:\/\/www.petcovergroup.com\/at\/wp-json\/wp\/v2\/media?parent=377"}],"wp:term":[{"taxonomy":"category","embeddable":true,"href":"https:\/\/www.petcovergroup.com\/at\/wp-json\/wp\/v2\/categories?post=377"}],"curies":[{"name":"wp","href":"https:\/\/api.w.org\/{rel}","templated":true}]}}