{"id":3586,"date":"2021-05-25T08:21:22","date_gmt":"2021-05-25T07:21:22","guid":{"rendered":"https:\/\/petcover.mediaworksdev.co.uk\/au\/?page_id=3586"},"modified":"2026-04-29T17:14:01","modified_gmt":"2026-04-29T15:14:01","slug":"registrierung-zuechter","status":"publish","type":"page","link":"https:\/\/www.petcovergroup.com\/at\/partner\/registrierung-zuechter\/","title":{"rendered":"Registrierung zuechter"},"content":{"rendered":"","protected":false},"excerpt":{"rendered":"","protected":false},"author":17,"featured_media":9290,"parent":368,"menu_order":0,"comment_status":"closed","ping_status":"closed","template":"","meta":{"_acf_changed":false,"inline_featured_image":false,"footnotes":""},"categories":[],"class_list":["post-3586","page","type-page","status-publish","has-post-thumbnail","hentry"],"acf":[],"yoast_head":"<!-- This site is optimized with the Yoast SEO plugin v27.0 - https:\/\/yoast.com\/product\/yoast-seo-wordpress\/ -->\n<title>Registrierung f\u00fcr das Z\u00fcchterpartnerprogramm<\/title>\n<meta name=\"description\" content=\"Partnerz\u00fcchter Teilnahmebedingungen bei Petcover: Anforderungen f\u00fcr Z\u00fcchter, 6-w\u00f6chige Schnupperversicherung, Tiergesundheit, Datenschutz und Zuchtstandards f\u00fcr Hunde- und Katzenwelpen.\" \/>\n<meta name=\"robots\" content=\"index, follow, max-snippet:-1, max-image-preview:large, max-video-preview:-1\" \/>\n<link rel=\"canonical\" href=\"https:\/\/www.petcovergroup.com\/at\/partner\/registrierung-zuechter\/\" \/>\n<meta property=\"og:locale\" content=\"en_GB\" \/>\n<meta property=\"og:type\" content=\"article\" \/>\n<meta property=\"og:title\" content=\"Registrierung f\u00fcr das Z\u00fcchterpartnerprogramm\" \/>\n<meta property=\"og:description\" content=\"Partnerz\u00fcchter Teilnahmebedingungen bei Petcover: Anforderungen f\u00fcr Z\u00fcchter, 6-w\u00f6chige Schnupperversicherung, Tiergesundheit, Datenschutz und Zuchtstandards f\u00fcr Hunde- und Katzenwelpen.\" \/>\n<meta property=\"og:url\" content=\"https:\/\/www.petcovergroup.com\/at\/partner\/registrierung-zuechter\/\" \/>\n<meta property=\"og:site_name\" content=\"Petcover AT\" \/>\n<meta property=\"article:modified_time\" content=\"2026-04-29T15:14:01+00:00\" \/>\n<meta property=\"og:image\" content=\"https:\/\/www.petcovergroup.com\/at\/wp-content\/uploads\/sites\/14\/2026\/03\/PCAU-Homepage-Mobile-1024-x-600-puppy-grass-v20112025.jpg\" \/>\n\t<meta property=\"og:image:width\" content=\"1024\" \/>\n\t<meta property=\"og:image:height\" content=\"600\" \/>\n\t<meta property=\"og:image:type\" content=\"image\/jpeg\" \/>\n<meta name=\"twitter:card\" content=\"summary_large_image\" \/>\n<meta name=\"twitter:label1\" content=\"Estimated reading time\" \/>\n\t<meta name=\"twitter:data1\" content=\"1 minute\" \/>\n<script type=\"application\/ld+json\" class=\"yoast-schema-graph\">{\"@context\":\"https:\/\/schema.org\",\"@graph\":[{\"@type\":\"WebPage\",\"@id\":\"https:\/\/www.petcovergroup.com\/at\/partner\/registrierung-zuechter\/\",\"url\":\"https:\/\/www.petcovergroup.com\/at\/partner\/registrierung-zuechter\/\",\"name\":\"Registrierung f\u00fcr das Z\u00fcchterpartnerprogramm\",\"isPartOf\":{\"@id\":\"https:\/\/www.petcovergroup.com\/at\/#website\"},\"primaryImageOfPage\":{\"@id\":\"https:\/\/www.petcovergroup.com\/at\/partner\/registrierung-zuechter\/#primaryimage\"},\"image\":{\"@id\":\"https:\/\/www.petcovergroup.com\/at\/partner\/registrierung-zuechter\/#primaryimage\"},\"thumbnailUrl\":\"https:\/\/www.petcovergroup.com\/at\/wp-content\/uploads\/sites\/14\/2026\/03\/PCAU-Homepage-Mobile-1024-x-600-puppy-grass-v20112025.jpg\",\"datePublished\":\"2021-05-25T07:21:22+00:00\",\"dateModified\":\"2026-04-29T15:14:01+00:00\",\"description\":\"Partnerz\u00fcchter Teilnahmebedingungen bei Petcover: Anforderungen f\u00fcr Z\u00fcchter, 6-w\u00f6chige Schnupperversicherung, Tiergesundheit, Datenschutz und Zuchtstandards f\u00fcr Hunde- und Katzenwelpen.\",\"breadcrumb\":{\"@id\":\"https:\/\/www.petcovergroup.com\/at\/partner\/registrierung-zuechter\/#breadcrumb\"},\"inLanguage\":\"en-GB\",\"potentialAction\":[{\"@type\":\"ReadAction\",\"target\":[\"https:\/\/www.petcovergroup.com\/at\/partner\/registrierung-zuechter\/\"]}]},{\"@type\":\"ImageObject\",\"inLanguage\":\"en-GB\",\"@id\":\"https:\/\/www.petcovergroup.com\/at\/partner\/registrierung-zuechter\/#primaryimage\",\"url\":\"https:\/\/www.petcovergroup.com\/at\/wp-content\/uploads\/sites\/14\/2026\/03\/PCAU-Homepage-Mobile-1024-x-600-puppy-grass-v20112025.jpg\",\"contentUrl\":\"https:\/\/www.petcovergroup.com\/at\/wp-content\/uploads\/sites\/14\/2026\/03\/PCAU-Homepage-Mobile-1024-x-600-puppy-grass-v20112025.jpg\",\"width\":1024,\"height\":600},{\"@type\":\"BreadcrumbList\",\"@id\":\"https:\/\/www.petcovergroup.com\/at\/partner\/registrierung-zuechter\/#breadcrumb\",\"itemListElement\":[{\"@type\":\"ListItem\",\"position\":1,\"name\":\"Home\",\"item\":\"https:\/\/www.petcovergroup.com\/at\/\"},{\"@type\":\"ListItem\",\"position\":2,\"name\":\"Partner\",\"item\":\"https:\/\/www.petcovergroup.com\/at\/partner\/\"},{\"@type\":\"ListItem\",\"position\":3,\"name\":\"Registrierung zuechter\"}]},{\"@type\":\"WebSite\",\"@id\":\"https:\/\/www.petcovergroup.com\/at\/#website\",\"url\":\"https:\/\/www.petcovergroup.com\/at\/\",\"name\":\"Petcover AT\",\"description\":\"\",\"potentialAction\":[{\"@type\":\"SearchAction\",\"target\":{\"@type\":\"EntryPoint\",\"urlTemplate\":\"https:\/\/www.petcovergroup.com\/at\/?s={search_term_string}\"},\"query-input\":{\"@type\":\"PropertyValueSpecification\",\"valueRequired\":true,\"valueName\":\"search_term_string\"}}],\"inLanguage\":\"en-GB\"}]}<\/script>\n<!-- \/ Yoast SEO plugin. -->","yoast_head_json":{"title":"Registrierung f\u00fcr das Z\u00fcchterpartnerprogramm","description":"Partnerz\u00fcchter Teilnahmebedingungen bei Petcover: Anforderungen f\u00fcr Z\u00fcchter, 6-w\u00f6chige Schnupperversicherung, Tiergesundheit, Datenschutz und Zuchtstandards f\u00fcr Hunde- und Katzenwelpen.","robots":{"index":"index","follow":"follow","max-snippet":"max-snippet:-1","max-image-preview":"max-image-preview:large","max-video-preview":"max-video-preview:-1"},"canonical":"https:\/\/www.petcovergroup.com\/at\/partner\/registrierung-zuechter\/","og_locale":"en_GB","og_type":"article","og_title":"Registrierung f\u00fcr das Z\u00fcchterpartnerprogramm","og_description":"Partnerz\u00fcchter Teilnahmebedingungen bei Petcover: Anforderungen f\u00fcr Z\u00fcchter, 6-w\u00f6chige Schnupperversicherung, Tiergesundheit, Datenschutz und Zuchtstandards f\u00fcr Hunde- und Katzenwelpen.","og_url":"https:\/\/www.petcovergroup.com\/at\/partner\/registrierung-zuechter\/","og_site_name":"Petcover AT","article_modified_time":"2026-04-29T15:14:01+00:00","og_image":[{"width":1024,"height":600,"url":"https:\/\/www.petcovergroup.com\/at\/wp-content\/uploads\/sites\/14\/2026\/03\/PCAU-Homepage-Mobile-1024-x-600-puppy-grass-v20112025.jpg","type":"image\/jpeg"}],"twitter_card":"summary_large_image","twitter_misc":{"Estimated reading time":"1 minute"},"schema":{"@context":"https:\/\/schema.org","@graph":[{"@type":"WebPage","@id":"https:\/\/www.petcovergroup.com\/at\/partner\/registrierung-zuechter\/","url":"https:\/\/www.petcovergroup.com\/at\/partner\/registrierung-zuechter\/","name":"Registrierung f\u00fcr das Z\u00fcchterpartnerprogramm","isPartOf":{"@id":"https:\/\/www.petcovergroup.com\/at\/#website"},"primaryImageOfPage":{"@id":"https:\/\/www.petcovergroup.com\/at\/partner\/registrierung-zuechter\/#primaryimage"},"image":{"@id":"https:\/\/www.petcovergroup.com\/at\/partner\/registrierung-zuechter\/#primaryimage"},"thumbnailUrl":"https:\/\/www.petcovergroup.com\/at\/wp-content\/uploads\/sites\/14\/2026\/03\/PCAU-Homepage-Mobile-1024-x-600-puppy-grass-v20112025.jpg","datePublished":"2021-05-25T07:21:22+00:00","dateModified":"2026-04-29T15:14:01+00:00","description":"Partnerz\u00fcchter Teilnahmebedingungen bei Petcover: Anforderungen f\u00fcr Z\u00fcchter, 6-w\u00f6chige Schnupperversicherung, Tiergesundheit, Datenschutz und Zuchtstandards f\u00fcr Hunde- und Katzenwelpen.","breadcrumb":{"@id":"https:\/\/www.petcovergroup.com\/at\/partner\/registrierung-zuechter\/#breadcrumb"},"inLanguage":"en-GB","potentialAction":[{"@type":"ReadAction","target":["https:\/\/www.petcovergroup.com\/at\/partner\/registrierung-zuechter\/"]}]},{"@type":"ImageObject","inLanguage":"en-GB","@id":"https:\/\/www.petcovergroup.com\/at\/partner\/registrierung-zuechter\/#primaryimage","url":"https:\/\/www.petcovergroup.com\/at\/wp-content\/uploads\/sites\/14\/2026\/03\/PCAU-Homepage-Mobile-1024-x-600-puppy-grass-v20112025.jpg","contentUrl":"https:\/\/www.petcovergroup.com\/at\/wp-content\/uploads\/sites\/14\/2026\/03\/PCAU-Homepage-Mobile-1024-x-600-puppy-grass-v20112025.jpg","width":1024,"height":600},{"@type":"BreadcrumbList","@id":"https:\/\/www.petcovergroup.com\/at\/partner\/registrierung-zuechter\/#breadcrumb","itemListElement":[{"@type":"ListItem","position":1,"name":"Home","item":"https:\/\/www.petcovergroup.com\/at\/"},{"@type":"ListItem","position":2,"name":"Partner","item":"https:\/\/www.petcovergroup.com\/at\/partner\/"},{"@type":"ListItem","position":3,"name":"Registrierung zuechter"}]},{"@type":"WebSite","@id":"https:\/\/www.petcovergroup.com\/at\/#website","url":"https:\/\/www.petcovergroup.com\/at\/","name":"Petcover AT","description":"","potentialAction":[{"@type":"SearchAction","target":{"@type":"EntryPoint","urlTemplate":"https:\/\/www.petcovergroup.com\/at\/?s={search_term_string}"},"query-input":{"@type":"PropertyValueSpecification","valueRequired":true,"valueName":"search_term_string"}}],"inLanguage":"en-GB"}]}},"lang":"de-at","translations":{"en":4151,"de-at":3586},"pll_sync_post":[],"_links":{"self":[{"href":"https:\/\/www.petcovergroup.com\/at\/wp-json\/wp\/v2\/pages\/3586","targetHints":{"allow":["GET"]}}],"collection":[{"href":"https:\/\/www.petcovergroup.com\/at\/wp-json\/wp\/v2\/pages"}],"about":[{"href":"https:\/\/www.petcovergroup.com\/at\/wp-json\/wp\/v2\/types\/page"}],"author":[{"embeddable":true,"href":"https:\/\/www.petcovergroup.com\/at\/wp-json\/wp\/v2\/users\/17"}],"replies":[{"embeddable":true,"href":"https:\/\/www.petcovergroup.com\/at\/wp-json\/wp\/v2\/comments?post=3586"}],"version-history":[{"count":0,"href":"https:\/\/www.petcovergroup.com\/at\/wp-json\/wp\/v2\/pages\/3586\/revisions"}],"up":[{"embeddable":true,"href":"https:\/\/www.petcovergroup.com\/at\/wp-json\/wp\/v2\/pages\/368"}],"wp:featuredmedia":[{"embeddable":true,"href":"https:\/\/www.petcovergroup.com\/at\/wp-json\/wp\/v2\/media\/9290"}],"wp:attachment":[{"href":"https:\/\/www.petcovergroup.com\/at\/wp-json\/wp\/v2\/media?parent=3586"}],"wp:term":[{"taxonomy":"category","embeddable":true,"href":"https:\/\/www.petcovergroup.com\/at\/wp-json\/wp\/v2\/categories?post=3586"}],"curies":[{"name":"wp","href":"https:\/\/api.w.org\/{rel}","templated":true}]}}