{"id":3554,"date":"2021-05-25T05:27:43","date_gmt":"2021-05-25T04:27:43","guid":{"rendered":"https:\/\/petcover.mediaworksdev.co.uk\/au\/?page_id=3554"},"modified":"2026-03-31T19:21:39","modified_gmt":"2026-03-31T17:21:39","slug":"registrierung-tieraerzte","status":"publish","type":"page","link":"https:\/\/www.petcovergroup.com\/at\/partner\/registrierung-tieraerzte\/","title":{"rendered":"Registrierung f\u00fcr das Tierarztpartnerprogramm"},"content":{"rendered":"","protected":false},"excerpt":{"rendered":"","protected":false},"author":54,"featured_media":3912,"parent":368,"menu_order":0,"comment_status":"closed","ping_status":"closed","template":"","meta":{"_acf_changed":false,"inline_featured_image":false,"footnotes":""},"categories":[],"class_list":["post-3554","page","type-page","status-publish","has-post-thumbnail","hentry"],"acf":[],"yoast_head":"<!-- This site is optimized with the Yoast SEO plugin v27.0 - https:\/\/yoast.com\/product\/yoast-seo-wordpress\/ -->\n<title>Tierarztregistrierung | Petcover \u00d6sterreich<\/title>\n<meta name=\"description\" content=\"Sind Sie ein \u00f6sterreichischer Tierarzt? Registrieren Sie sich bei Petcover und erhalten Sie die M\u00f6glichkeit eine 4-Wochen-Versicherung f\u00fcr Ihre Kunden. Jetzt registrieren!\" \/>\n<meta name=\"robots\" content=\"index, follow, max-snippet:-1, max-image-preview:large, max-video-preview:-1\" \/>\n<link rel=\"canonical\" href=\"https:\/\/www.petcovergroup.com\/at\/partner\/registrierung-tieraerzte\/\" \/>\n<meta property=\"og:locale\" content=\"en_GB\" \/>\n<meta property=\"og:type\" content=\"article\" \/>\n<meta property=\"og:title\" content=\"Tierarztregistrierung | Petcover \u00d6sterreich\" \/>\n<meta property=\"og:description\" content=\"Sind Sie ein \u00f6sterreichischer Tierarzt? Registrieren Sie sich bei Petcover und erhalten Sie die M\u00f6glichkeit eine 4-Wochen-Versicherung f\u00fcr Ihre Kunden. Jetzt registrieren!\" \/>\n<meta property=\"og:url\" content=\"https:\/\/www.petcovergroup.com\/at\/partner\/registrierung-tieraerzte\/\" \/>\n<meta property=\"og:site_name\" content=\"Petcover AT\" \/>\n<meta property=\"article:modified_time\" content=\"2026-03-31T17:21:39+00:00\" \/>\n<meta property=\"og:image\" content=\"https:\/\/www.petcovergroup.com\/at\/wp-content\/uploads\/sites\/14\/2021\/06\/petcover-austria-vet-border-collie-pet-insurance-700x440-1.jpg\" \/>\n\t<meta property=\"og:image:width\" content=\"700\" \/>\n\t<meta property=\"og:image:height\" content=\"440\" \/>\n\t<meta property=\"og:image:type\" content=\"image\/jpeg\" \/>\n<meta name=\"twitter:card\" content=\"summary_large_image\" \/>\n<meta name=\"twitter:label1\" content=\"Estimated reading time\" \/>\n\t<meta name=\"twitter:data1\" content=\"1 minute\" \/>\n<script type=\"application\/ld+json\" class=\"yoast-schema-graph\">{\"@context\":\"https:\/\/schema.org\",\"@graph\":[{\"@type\":\"WebPage\",\"@id\":\"https:\/\/www.petcovergroup.com\/at\/partner\/registrierung-tieraerzte\/\",\"url\":\"https:\/\/www.petcovergroup.com\/at\/partner\/registrierung-tieraerzte\/\",\"name\":\"Tierarztregistrierung | Petcover \u00d6sterreich\",\"isPartOf\":{\"@id\":\"https:\/\/www.petcovergroup.com\/at\/#website\"},\"primaryImageOfPage\":{\"@id\":\"https:\/\/www.petcovergroup.com\/at\/partner\/registrierung-tieraerzte\/#primaryimage\"},\"image\":{\"@id\":\"https:\/\/www.petcovergroup.com\/at\/partner\/registrierung-tieraerzte\/#primaryimage\"},\"thumbnailUrl\":\"https:\/\/www.petcovergroup.com\/at\/wp-content\/uploads\/sites\/14\/2021\/06\/petcover-austria-vet-border-collie-pet-insurance-700x440-1.jpg\",\"datePublished\":\"2021-05-25T04:27:43+00:00\",\"dateModified\":\"2026-03-31T17:21:39+00:00\",\"description\":\"Sind Sie ein \u00f6sterreichischer Tierarzt? Registrieren Sie sich bei Petcover und erhalten Sie die M\u00f6glichkeit eine 4-Wochen-Versicherung f\u00fcr Ihre Kunden. Jetzt registrieren!\",\"breadcrumb\":{\"@id\":\"https:\/\/www.petcovergroup.com\/at\/partner\/registrierung-tieraerzte\/#breadcrumb\"},\"inLanguage\":\"en-GB\",\"potentialAction\":[{\"@type\":\"ReadAction\",\"target\":[\"https:\/\/www.petcovergroup.com\/at\/partner\/registrierung-tieraerzte\/\"]}]},{\"@type\":\"ImageObject\",\"inLanguage\":\"en-GB\",\"@id\":\"https:\/\/www.petcovergroup.com\/at\/partner\/registrierung-tieraerzte\/#primaryimage\",\"url\":\"https:\/\/www.petcovergroup.com\/at\/wp-content\/uploads\/sites\/14\/2021\/06\/petcover-austria-vet-border-collie-pet-insurance-700x440-1.jpg\",\"contentUrl\":\"https:\/\/www.petcovergroup.com\/at\/wp-content\/uploads\/sites\/14\/2021\/06\/petcover-austria-vet-border-collie-pet-insurance-700x440-1.jpg\",\"width\":700,\"height\":440,\"caption\":\"Happy healthy dog being examined by professional veterinarian, copy space. Cheerful handsome male vet doctor smiling at the dog after medical examination\"},{\"@type\":\"BreadcrumbList\",\"@id\":\"https:\/\/www.petcovergroup.com\/at\/partner\/registrierung-tieraerzte\/#breadcrumb\",\"itemListElement\":[{\"@type\":\"ListItem\",\"position\":1,\"name\":\"Home\",\"item\":\"https:\/\/www.petcovergroup.com\/at\/\"},{\"@type\":\"ListItem\",\"position\":2,\"name\":\"Partner\",\"item\":\"https:\/\/www.petcovergroup.com\/at\/partner\/\"},{\"@type\":\"ListItem\",\"position\":3,\"name\":\"Registrierung f\u00fcr das Tierarztpartnerprogramm\"}]},{\"@type\":\"WebSite\",\"@id\":\"https:\/\/www.petcovergroup.com\/at\/#website\",\"url\":\"https:\/\/www.petcovergroup.com\/at\/\",\"name\":\"Petcover AT\",\"description\":\"\",\"potentialAction\":[{\"@type\":\"SearchAction\",\"target\":{\"@type\":\"EntryPoint\",\"urlTemplate\":\"https:\/\/www.petcovergroup.com\/at\/?s={search_term_string}\"},\"query-input\":{\"@type\":\"PropertyValueSpecification\",\"valueRequired\":true,\"valueName\":\"search_term_string\"}}],\"inLanguage\":\"en-GB\"}]}<\/script>\n<!-- \/ Yoast SEO plugin. -->","yoast_head_json":{"title":"Tierarztregistrierung | Petcover \u00d6sterreich","description":"Sind Sie ein \u00f6sterreichischer Tierarzt? Registrieren Sie sich bei Petcover und erhalten Sie die M\u00f6glichkeit eine 4-Wochen-Versicherung f\u00fcr Ihre Kunden. Jetzt registrieren!","robots":{"index":"index","follow":"follow","max-snippet":"max-snippet:-1","max-image-preview":"max-image-preview:large","max-video-preview":"max-video-preview:-1"},"canonical":"https:\/\/www.petcovergroup.com\/at\/partner\/registrierung-tieraerzte\/","og_locale":"en_GB","og_type":"article","og_title":"Tierarztregistrierung | Petcover \u00d6sterreich","og_description":"Sind Sie ein \u00f6sterreichischer Tierarzt? Registrieren Sie sich bei Petcover und erhalten Sie die M\u00f6glichkeit eine 4-Wochen-Versicherung f\u00fcr Ihre Kunden. Jetzt registrieren!","og_url":"https:\/\/www.petcovergroup.com\/at\/partner\/registrierung-tieraerzte\/","og_site_name":"Petcover AT","article_modified_time":"2026-03-31T17:21:39+00:00","og_image":[{"width":700,"height":440,"url":"https:\/\/www.petcovergroup.com\/at\/wp-content\/uploads\/sites\/14\/2021\/06\/petcover-austria-vet-border-collie-pet-insurance-700x440-1.jpg","type":"image\/jpeg"}],"twitter_card":"summary_large_image","twitter_misc":{"Estimated reading time":"1 minute"},"schema":{"@context":"https:\/\/schema.org","@graph":[{"@type":"WebPage","@id":"https:\/\/www.petcovergroup.com\/at\/partner\/registrierung-tieraerzte\/","url":"https:\/\/www.petcovergroup.com\/at\/partner\/registrierung-tieraerzte\/","name":"Tierarztregistrierung | Petcover \u00d6sterreich","isPartOf":{"@id":"https:\/\/www.petcovergroup.com\/at\/#website"},"primaryImageOfPage":{"@id":"https:\/\/www.petcovergroup.com\/at\/partner\/registrierung-tieraerzte\/#primaryimage"},"image":{"@id":"https:\/\/www.petcovergroup.com\/at\/partner\/registrierung-tieraerzte\/#primaryimage"},"thumbnailUrl":"https:\/\/www.petcovergroup.com\/at\/wp-content\/uploads\/sites\/14\/2021\/06\/petcover-austria-vet-border-collie-pet-insurance-700x440-1.jpg","datePublished":"2021-05-25T04:27:43+00:00","dateModified":"2026-03-31T17:21:39+00:00","description":"Sind Sie ein \u00f6sterreichischer Tierarzt? Registrieren Sie sich bei Petcover und erhalten Sie die M\u00f6glichkeit eine 4-Wochen-Versicherung f\u00fcr Ihre Kunden. Jetzt registrieren!","breadcrumb":{"@id":"https:\/\/www.petcovergroup.com\/at\/partner\/registrierung-tieraerzte\/#breadcrumb"},"inLanguage":"en-GB","potentialAction":[{"@type":"ReadAction","target":["https:\/\/www.petcovergroup.com\/at\/partner\/registrierung-tieraerzte\/"]}]},{"@type":"ImageObject","inLanguage":"en-GB","@id":"https:\/\/www.petcovergroup.com\/at\/partner\/registrierung-tieraerzte\/#primaryimage","url":"https:\/\/www.petcovergroup.com\/at\/wp-content\/uploads\/sites\/14\/2021\/06\/petcover-austria-vet-border-collie-pet-insurance-700x440-1.jpg","contentUrl":"https:\/\/www.petcovergroup.com\/at\/wp-content\/uploads\/sites\/14\/2021\/06\/petcover-austria-vet-border-collie-pet-insurance-700x440-1.jpg","width":700,"height":440,"caption":"Happy healthy dog being examined by professional veterinarian, copy space. Cheerful handsome male vet doctor smiling at the dog after medical examination"},{"@type":"BreadcrumbList","@id":"https:\/\/www.petcovergroup.com\/at\/partner\/registrierung-tieraerzte\/#breadcrumb","itemListElement":[{"@type":"ListItem","position":1,"name":"Home","item":"https:\/\/www.petcovergroup.com\/at\/"},{"@type":"ListItem","position":2,"name":"Partner","item":"https:\/\/www.petcovergroup.com\/at\/partner\/"},{"@type":"ListItem","position":3,"name":"Registrierung f\u00fcr das Tierarztpartnerprogramm"}]},{"@type":"WebSite","@id":"https:\/\/www.petcovergroup.com\/at\/#website","url":"https:\/\/www.petcovergroup.com\/at\/","name":"Petcover AT","description":"","potentialAction":[{"@type":"SearchAction","target":{"@type":"EntryPoint","urlTemplate":"https:\/\/www.petcovergroup.com\/at\/?s={search_term_string}"},"query-input":{"@type":"PropertyValueSpecification","valueRequired":true,"valueName":"search_term_string"}}],"inLanguage":"en-GB"}]}},"lang":"de-at","translations":{"en":4178,"de-at":3554},"pll_sync_post":[],"_links":{"self":[{"href":"https:\/\/www.petcovergroup.com\/at\/wp-json\/wp\/v2\/pages\/3554","targetHints":{"allow":["GET"]}}],"collection":[{"href":"https:\/\/www.petcovergroup.com\/at\/wp-json\/wp\/v2\/pages"}],"about":[{"href":"https:\/\/www.petcovergroup.com\/at\/wp-json\/wp\/v2\/types\/page"}],"author":[{"embeddable":true,"href":"https:\/\/www.petcovergroup.com\/at\/wp-json\/wp\/v2\/users\/54"}],"replies":[{"embeddable":true,"href":"https:\/\/www.petcovergroup.com\/at\/wp-json\/wp\/v2\/comments?post=3554"}],"version-history":[{"count":0,"href":"https:\/\/www.petcovergroup.com\/at\/wp-json\/wp\/v2\/pages\/3554\/revisions"}],"up":[{"embeddable":true,"href":"https:\/\/www.petcovergroup.com\/at\/wp-json\/wp\/v2\/pages\/368"}],"wp:featuredmedia":[{"embeddable":true,"href":"https:\/\/www.petcovergroup.com\/at\/wp-json\/wp\/v2\/media\/3912"}],"wp:attachment":[{"href":"https:\/\/www.petcovergroup.com\/at\/wp-json\/wp\/v2\/media?parent=3554"}],"wp:term":[{"taxonomy":"category","embeddable":true,"href":"https:\/\/www.petcovergroup.com\/at\/wp-json\/wp\/v2\/categories?post=3554"}],"curies":[{"name":"wp","href":"https:\/\/api.w.org\/{rel}","templated":true}]}}